{"id":3665,"date":"2026-04-18T21:51:09","date_gmt":"2026-04-18T19:51:09","guid":{"rendered":"https:\/\/rubi.com.py\/index.php\/producto\/kit-de-tablas-croix-de-pp-de-3pcs-ctp-029\/"},"modified":"2026-04-18T21:51:09","modified_gmt":"2026-04-18T19:51:09","slug":"kit-de-tablas-croix-de-pp-de-3pcs-ctp-029","status":"publish","type":"product","link":"https:\/\/rubi.com.py\/index.php\/producto\/kit-de-tablas-croix-de-pp-de-3pcs-ctp-029\/","title":{"rendered":"KIT DE TABLAS CROIX DE PP DE 3PCS CTP-029"},"content":{"rendered":"<p>KIT DE TABLAS CROIX DE PP DE 3PCS CTP-029 Caracter\u00edsticas: Juego todo en uno: nuestras tablas de cortar de varios tama\u00f1os pueden mejorar tu eficiencia en la cocina. Tama\u00f1o extragrande: 17.0 x 11.8 x 0.4 pulgadas. Tama\u00f1o grande: 14.0 x 9.5 x 0.35 pulgadas. Tama\u00f1o mediano: 11.4 x 7.8 x 0.35 pulgadas. Cada tama\u00f1o est\u00e1 dise\u00f1ado para un tipo de alimento y se puede cortar por separado. Perfecto para m\u00faltiples comidas o uso durante todo el d\u00eda.<\/p>\n","protected":false},"excerpt":{"rendered":"<p>KIT DE TABLAS CROIX DE PP DE 3PCS CTP-029<\/p>\n","protected":false},"featured_media":3664,"comment_status":"open","ping_status":"closed","template":"","meta":{"_et_pb_use_builder":"","_et_pb_old_content":"","_et_gb_content_width":""},"product_brand":[],"product_cat":[33],"product_tag":[],"class_list":{"0":"post-3665","1":"product","2":"type-product","3":"status-publish","4":"has-post-thumbnail","6":"product_cat-cocina-y-comedor","8":"first","9":"instock","10":"shipping-taxable","11":"purchasable","12":"product-type-simple"},"_links":{"self":[{"href":"https:\/\/rubi.com.py\/index.php\/wp-json\/wp\/v2\/product\/3665","targetHints":{"allow":["GET"]}}],"collection":[{"href":"https:\/\/rubi.com.py\/index.php\/wp-json\/wp\/v2\/product"}],"about":[{"href":"https:\/\/rubi.com.py\/index.php\/wp-json\/wp\/v2\/types\/product"}],"replies":[{"embeddable":true,"href":"https:\/\/rubi.com.py\/index.php\/wp-json\/wp\/v2\/comments?post=3665"}],"wp:featuredmedia":[{"embeddable":true,"href":"https:\/\/rubi.com.py\/index.php\/wp-json\/wp\/v2\/media\/3664"}],"wp:attachment":[{"href":"https:\/\/rubi.com.py\/index.php\/wp-json\/wp\/v2\/media?parent=3665"}],"wp:term":[{"taxonomy":"product_brand","embeddable":true,"href":"https:\/\/rubi.com.py\/index.php\/wp-json\/wp\/v2\/product_brand?post=3665"},{"taxonomy":"product_cat","embeddable":true,"href":"https:\/\/rubi.com.py\/index.php\/wp-json\/wp\/v2\/product_cat?post=3665"},{"taxonomy":"product_tag","embeddable":true,"href":"https:\/\/rubi.com.py\/index.php\/wp-json\/wp\/v2\/product_tag?post=3665"}],"curies":[{"name":"wp","href":"https:\/\/api.w.org\/{rel}","templated":true}]}}