{"id":367,"date":"2025-09-17T22:15:50","date_gmt":"2025-09-17T20:15:50","guid":{"rendered":"https:\/\/rubi.com.py\/index.php\/producto\/parlante-tokyo-party-15-bateria-6600mah-bluetooh-fm-usb-2-microfonos\/"},"modified":"2026-04-20T21:55:03","modified_gmt":"2026-04-20T19:55:03","slug":"parlante-tokyo-party-15-bateria-6600mah-bluetooh-fm-usb-2-microfonos","status":"publish","type":"product","link":"https:\/\/rubi.com.py\/index.php\/producto\/parlante-tokyo-party-15-bateria-6600mah-bluetooh-fm-usb-2-microfonos\/","title":{"rendered":"PARLANTE TOKYO PARTY 15 BATERIA 6600mAh BLUETOOH FM\/USB 2 MICROFONOS"},"content":{"rendered":"<p>* Entradas Conector para micr\u00f3fonoguitarra X1 Conector para memory card X1. * Potencia de salida 450W RMS &#8211; 4500W PMPO. * Capacidad de la bater\u00eda 6.600 mAh. * Con control remoto y ecualizador. * Con ruedas y manija extensible. * Incluye cargador de bater\u00eda. * Micr\u00f3fono x2 inal\u00e1mbrico. * Indicador de Bater\u00eda. * Con luces frontales. * Bluetooth\u00ae. * Radio FM. * Ruedas. * USB. Im\u00e1genes meramente ilustrativas. Im\u00e1genes e informaci\u00f3n sujetas a cambios sin previo aviso. Detalles t\u00e9cnicos: \u2022 ANCHO: 40 CM \u2022 ALTO: 66 CM \u2022 LARGO: 45 CM \u2022 PESO: 2000 GR<\/p>\n","protected":false},"excerpt":{"rendered":"<p>* Entradas Conector para micr\u00f3fonoguitarra X1 Conector para memory card X1. * Potencia de salida 450W RMS &#8211; 4500W PMPO. * Capacidad de la bater\u00eda 6.600 mAh. * Con control remoto y ecualizador. * Con ruedas y manija extensible. * Incluye cargador de bater\u00eda. * Micr\u00f3fono x2 inal\u00e1mbrico. * Indicador de Bater\u00eda. * Con luces frontales. * Bluetooth\u00ae. * Radio FM. * Ruedas. * USB. Im\u00e1genes meramente ilustrativas. Im\u00e1genes e informaci\u00f3n sujetas a cambios sin previo aviso.<\/p>\n","protected":false},"featured_media":4563,"comment_status":"open","ping_status":"closed","template":"","meta":{"_et_pb_use_builder":"","_et_pb_old_content":"","_et_gb_content_width":""},"product_brand":[],"product_cat":[46],"product_tag":[],"class_list":{"0":"post-367","1":"product","2":"type-product","3":"status-publish","4":"has-post-thumbnail","6":"product_cat-tecnologia","8":"first","9":"instock","10":"shipping-taxable","11":"purchasable","12":"product-type-simple"},"_links":{"self":[{"href":"https:\/\/rubi.com.py\/index.php\/wp-json\/wp\/v2\/product\/367","targetHints":{"allow":["GET"]}}],"collection":[{"href":"https:\/\/rubi.com.py\/index.php\/wp-json\/wp\/v2\/product"}],"about":[{"href":"https:\/\/rubi.com.py\/index.php\/wp-json\/wp\/v2\/types\/product"}],"replies":[{"embeddable":true,"href":"https:\/\/rubi.com.py\/index.php\/wp-json\/wp\/v2\/comments?post=367"}],"wp:featuredmedia":[{"embeddable":true,"href":"https:\/\/rubi.com.py\/index.php\/wp-json\/wp\/v2\/media\/4563"}],"wp:attachment":[{"href":"https:\/\/rubi.com.py\/index.php\/wp-json\/wp\/v2\/media?parent=367"}],"wp:term":[{"taxonomy":"product_brand","embeddable":true,"href":"https:\/\/rubi.com.py\/index.php\/wp-json\/wp\/v2\/product_brand?post=367"},{"taxonomy":"product_cat","embeddable":true,"href":"https:\/\/rubi.com.py\/index.php\/wp-json\/wp\/v2\/product_cat?post=367"},{"taxonomy":"product_tag","embeddable":true,"href":"https:\/\/rubi.com.py\/index.php\/wp-json\/wp\/v2\/product_tag?post=367"}],"curies":[{"name":"wp","href":"https:\/\/api.w.org\/{rel}","templated":true}]}}