{"id":3678,"date":"2026-04-18T21:54:22","date_gmt":"2026-04-18T19:54:22","guid":{"rendered":"https:\/\/rubi.com.py\/index.php\/producto\/camara-ptz-ipc-40mp-kuc-689\/"},"modified":"2026-04-18T21:54:22","modified_gmt":"2026-04-18T19:54:22","slug":"camara-ptz-ipc-40mp-kuc-689","status":"publish","type":"product","link":"https:\/\/rubi.com.py\/index.php\/producto\/camara-ptz-ipc-40mp-kuc-689\/","title":{"rendered":"C\u00c1MARA PTZ IPC 4,0MP KUC-689"},"content":{"rendered":"<p>C\u00c1MARA PTZ IPC 4,0MP KUC-689 Caracter\u00edsticas: -C\u00e1mara IP PTZ 4MP. -Visi\u00f3n diurna a todo color + Visi\u00f3n nocturna inteligente infrarrojo \/ a todo color. -Visi\u00f3n PTZ, angulo horizontal 355\u00b0, \u00e1ngulo vertical 100\u00b0. -Zoom h\u00edbrido binocular 8x. -Distancia de detecci\u00f3n: hasta 10m. -Apta para interior y exterior. -Alarma con llamadas en tiempo real o mensajes push. -Detecci\u00f3n de figura humanoide mediante IA. -Audio bidireccional: Para hablar y escuchar. -Soporta conexi\u00f3n de red por cable \/ inal\u00e1mbrica. -Soporta ONVIF. -Almacenamiento en la nube y en tarjeta TF. -App: ICSee<\/p>\n","protected":false},"excerpt":{"rendered":"<p>C\u00c1MARA PTZ IPC 4,0MP KUC-689<\/p>\n","protected":false},"featured_media":3677,"comment_status":"open","ping_status":"closed","template":"","meta":{"_et_pb_use_builder":"","_et_pb_old_content":"","_et_gb_content_width":""},"product_brand":[],"product_cat":[46],"product_tag":[],"class_list":{"0":"post-3678","1":"product","2":"type-product","3":"status-publish","4":"has-post-thumbnail","6":"product_cat-tecnologia","8":"first","9":"instock","10":"shipping-taxable","11":"purchasable","12":"product-type-simple"},"_links":{"self":[{"href":"https:\/\/rubi.com.py\/index.php\/wp-json\/wp\/v2\/product\/3678","targetHints":{"allow":["GET"]}}],"collection":[{"href":"https:\/\/rubi.com.py\/index.php\/wp-json\/wp\/v2\/product"}],"about":[{"href":"https:\/\/rubi.com.py\/index.php\/wp-json\/wp\/v2\/types\/product"}],"replies":[{"embeddable":true,"href":"https:\/\/rubi.com.py\/index.php\/wp-json\/wp\/v2\/comments?post=3678"}],"wp:featuredmedia":[{"embeddable":true,"href":"https:\/\/rubi.com.py\/index.php\/wp-json\/wp\/v2\/media\/3677"}],"wp:attachment":[{"href":"https:\/\/rubi.com.py\/index.php\/wp-json\/wp\/v2\/media?parent=3678"}],"wp:term":[{"taxonomy":"product_brand","embeddable":true,"href":"https:\/\/rubi.com.py\/index.php\/wp-json\/wp\/v2\/product_brand?post=3678"},{"taxonomy":"product_cat","embeddable":true,"href":"https:\/\/rubi.com.py\/index.php\/wp-json\/wp\/v2\/product_cat?post=3678"},{"taxonomy":"product_tag","embeddable":true,"href":"https:\/\/rubi.com.py\/index.php\/wp-json\/wp\/v2\/product_tag?post=3678"}],"curies":[{"name":"wp","href":"https:\/\/api.w.org\/{rel}","templated":true}]}}