{"id":3685,"date":"2026-04-18T21:55:53","date_gmt":"2026-04-18T19:55:53","guid":{"rendered":"https:\/\/rubi.com.py\/index.php\/producto\/freidora-digital-nappo-sin-aceite-qualityfry-8l-nef-232\/"},"modified":"2026-04-18T21:55:53","modified_gmt":"2026-04-18T19:55:53","slug":"freidora-digital-nappo-sin-aceite-qualityfry-8l-nef-232","status":"publish","type":"product","link":"https:\/\/rubi.com.py\/index.php\/producto\/freidora-digital-nappo-sin-aceite-qualityfry-8l-nef-232\/","title":{"rendered":"FREIDORA DIGITAL NAPPO SIN ACEITE QUALITYFRY 8L NEF-232"},"content":{"rendered":"<p>FREIDORA DIGITAL NAPPO SIN ACEITE QUALITYFRY 8L NEF-232 Caracter\u00edsticas: -Freidora sin aceite (de aire) Digital. -Capacidad: 8L. -Potencia: 1500W. -Canasto con Ventana de visualizaci\u00f3n y Luz interior. -Panel t\u00e1ctil con pantalla. -8 funciones preestablecidas. -Temperatura ajustable: 80\u00ba a 200\u00baC. -Timer ajustable hasta 60 minutos. -Incluye: Pinza met\u00e1lica.<\/p>\n","protected":false},"excerpt":{"rendered":"<p>FREIDORA DIGITAL NAPPO SIN ACEITE QUALITYFRY 8L NEF-232<\/p>\n","protected":false},"featured_media":3684,"comment_status":"open","ping_status":"closed","template":"","meta":{"_et_pb_use_builder":"","_et_pb_old_content":"","_et_gb_content_width":""},"product_brand":[],"product_cat":[33],"product_tag":[],"class_list":{"0":"post-3685","1":"product","2":"type-product","3":"status-publish","4":"has-post-thumbnail","6":"product_cat-cocina-y-comedor","8":"first","9":"instock","10":"shipping-taxable","11":"purchasable","12":"product-type-simple"},"_links":{"self":[{"href":"https:\/\/rubi.com.py\/index.php\/wp-json\/wp\/v2\/product\/3685","targetHints":{"allow":["GET"]}}],"collection":[{"href":"https:\/\/rubi.com.py\/index.php\/wp-json\/wp\/v2\/product"}],"about":[{"href":"https:\/\/rubi.com.py\/index.php\/wp-json\/wp\/v2\/types\/product"}],"replies":[{"embeddable":true,"href":"https:\/\/rubi.com.py\/index.php\/wp-json\/wp\/v2\/comments?post=3685"}],"wp:featuredmedia":[{"embeddable":true,"href":"https:\/\/rubi.com.py\/index.php\/wp-json\/wp\/v2\/media\/3684"}],"wp:attachment":[{"href":"https:\/\/rubi.com.py\/index.php\/wp-json\/wp\/v2\/media?parent=3685"}],"wp:term":[{"taxonomy":"product_brand","embeddable":true,"href":"https:\/\/rubi.com.py\/index.php\/wp-json\/wp\/v2\/product_brand?post=3685"},{"taxonomy":"product_cat","embeddable":true,"href":"https:\/\/rubi.com.py\/index.php\/wp-json\/wp\/v2\/product_cat?post=3685"},{"taxonomy":"product_tag","embeddable":true,"href":"https:\/\/rubi.com.py\/index.php\/wp-json\/wp\/v2\/product_tag?post=3685"}],"curies":[{"name":"wp","href":"https:\/\/api.w.org\/{rel}","templated":true}]}}