{"id":3687,"date":"2026-04-18T21:56:15","date_gmt":"2026-04-18T19:56:15","guid":{"rendered":"https:\/\/rubi.com.py\/index.php\/producto\/set-de-utensilios-19pcs-croix-siliconamadera-negro-cmu-022\/"},"modified":"2026-04-18T21:56:15","modified_gmt":"2026-04-18T19:56:15","slug":"set-de-utensilios-19pcs-croix-siliconamadera-negro-cmu-022","status":"publish","type":"product","link":"https:\/\/rubi.com.py\/index.php\/producto\/set-de-utensilios-19pcs-croix-siliconamadera-negro-cmu-022\/","title":{"rendered":"SET DE UTENSILIOS 19PCS CROIX SILICONA+MADERA NEGRO CMU-022"},"content":{"rendered":"<p>SET DE UTENSILIOS 19PCS CROIX SILICONA+MADERA NEGRO CMU-022 Caracter\u00edsticas: \u00b7 Realizados en silicona con mango de madera + juego de cuchillos de acero inoxidable de alto carbono + tabla de cortar de alta calidad. \u00b7 Utensilios antiadherentes. \u00b7 Cuchillos 5 en 1 para todo tipo de cortes (carne, frutas, verduras y panes). Duraderos, resistentes y de alta calidad \u00b7 Dise\u00f1o ergon\u00f3mico: El mango de madera proporciona un agarre c\u00f3modo.\u00b7 F\u00e1ciles de limpiar. \u00b7 Todos los utensilios poseen un agujero en la parte posterior del mago por si se desean colgar. \u00b7 El set incluye: Soporte, Pinzas 9&#8243;, Batidor, Esp\u00e1tula ranurada, Esp\u00e1tula lisa, Esp\u00e1tula, Cuchara ranurada, Cuchara, Cuchar\u00f3n de sopa, Cuchara para pasta, Cuchara para ensalada, Pincel, Tabla, Tijeras, Cuchillo de chef, Cuchillo para pan, Cuchillo rebanador, Cuchilla, Cuchillo de fruta. \u00b7 Disponible en 4 colores: Verde agua, Rosa, Negro y Gris.<\/p>\n","protected":false},"excerpt":{"rendered":"<p>SET DE UTENSILIOS 19PCS CROIX SILICONA+MADERA NEGRO CMU-022<\/p>\n","protected":false},"featured_media":3686,"comment_status":"open","ping_status":"closed","template":"","meta":{"_et_pb_use_builder":"","_et_pb_old_content":"","_et_gb_content_width":""},"product_brand":[],"product_cat":[33],"product_tag":[],"class_list":{"0":"post-3687","1":"product","2":"type-product","3":"status-publish","4":"has-post-thumbnail","6":"product_cat-cocina-y-comedor","8":"first","9":"instock","10":"shipping-taxable","11":"purchasable","12":"product-type-simple"},"_links":{"self":[{"href":"https:\/\/rubi.com.py\/index.php\/wp-json\/wp\/v2\/product\/3687","targetHints":{"allow":["GET"]}}],"collection":[{"href":"https:\/\/rubi.com.py\/index.php\/wp-json\/wp\/v2\/product"}],"about":[{"href":"https:\/\/rubi.com.py\/index.php\/wp-json\/wp\/v2\/types\/product"}],"replies":[{"embeddable":true,"href":"https:\/\/rubi.com.py\/index.php\/wp-json\/wp\/v2\/comments?post=3687"}],"wp:featuredmedia":[{"embeddable":true,"href":"https:\/\/rubi.com.py\/index.php\/wp-json\/wp\/v2\/media\/3686"}],"wp:attachment":[{"href":"https:\/\/rubi.com.py\/index.php\/wp-json\/wp\/v2\/media?parent=3687"}],"wp:term":[{"taxonomy":"product_brand","embeddable":true,"href":"https:\/\/rubi.com.py\/index.php\/wp-json\/wp\/v2\/product_brand?post=3687"},{"taxonomy":"product_cat","embeddable":true,"href":"https:\/\/rubi.com.py\/index.php\/wp-json\/wp\/v2\/product_cat?post=3687"},{"taxonomy":"product_tag","embeddable":true,"href":"https:\/\/rubi.com.py\/index.php\/wp-json\/wp\/v2\/product_tag?post=3687"}],"curies":[{"name":"wp","href":"https:\/\/api.w.org\/{rel}","templated":true}]}}