{"id":3697,"date":"2026-04-18T22:00:44","date_gmt":"2026-04-18T20:00:44","guid":{"rendered":"https:\/\/rubi.com.py\/index.php\/producto\/jarra-termica-funtime-1-9lt-doble-pared-negro\/"},"modified":"2026-04-18T22:00:44","modified_gmt":"2026-04-18T20:00:44","slug":"jarra-termica-funtime-1-9lt-doble-pared-negro","status":"publish","type":"product","link":"https:\/\/rubi.com.py\/index.php\/producto\/jarra-termica-funtime-1-9lt-doble-pared-negro\/","title":{"rendered":"JARRA TERMICA FUNTIME 1.9LT DOBLE PARED NEGRO"},"content":{"rendered":"<p>JARRA TERMICA FUNTIME 1.9LT DOBLE PARED NEGRO Caracter\u00edsticas: -Jarra t\u00e9rmica -Con tapa -Capacidad 1.9lts -Doble pared -Di\u00e1metro boca: 14cm -Di\u00e1metro base: 12cm -Altura: 24cm -Peso:880grs. -Color: Negro<\/p>\n","protected":false},"excerpt":{"rendered":"<p>JARRA TERMICA FUNTIME 1.9LT DOBLE PARED NEGRO<\/p>\n","protected":false},"featured_media":3696,"comment_status":"open","ping_status":"closed","template":"","meta":{"_et_pb_use_builder":"","_et_pb_old_content":"","_et_gb_content_width":""},"product_brand":[],"product_cat":[33],"product_tag":[],"class_list":{"0":"post-3697","1":"product","2":"type-product","3":"status-publish","4":"has-post-thumbnail","6":"product_cat-cocina-y-comedor","8":"first","9":"instock","10":"shipping-taxable","11":"purchasable","12":"product-type-simple"},"_links":{"self":[{"href":"https:\/\/rubi.com.py\/index.php\/wp-json\/wp\/v2\/product\/3697","targetHints":{"allow":["GET"]}}],"collection":[{"href":"https:\/\/rubi.com.py\/index.php\/wp-json\/wp\/v2\/product"}],"about":[{"href":"https:\/\/rubi.com.py\/index.php\/wp-json\/wp\/v2\/types\/product"}],"replies":[{"embeddable":true,"href":"https:\/\/rubi.com.py\/index.php\/wp-json\/wp\/v2\/comments?post=3697"}],"wp:featuredmedia":[{"embeddable":true,"href":"https:\/\/rubi.com.py\/index.php\/wp-json\/wp\/v2\/media\/3696"}],"wp:attachment":[{"href":"https:\/\/rubi.com.py\/index.php\/wp-json\/wp\/v2\/media?parent=3697"}],"wp:term":[{"taxonomy":"product_brand","embeddable":true,"href":"https:\/\/rubi.com.py\/index.php\/wp-json\/wp\/v2\/product_brand?post=3697"},{"taxonomy":"product_cat","embeddable":true,"href":"https:\/\/rubi.com.py\/index.php\/wp-json\/wp\/v2\/product_cat?post=3697"},{"taxonomy":"product_tag","embeddable":true,"href":"https:\/\/rubi.com.py\/index.php\/wp-json\/wp\/v2\/product_tag?post=3697"}],"curies":[{"name":"wp","href":"https:\/\/api.w.org\/{rel}","templated":true}]}}