{"id":370,"date":"2025-09-17T22:16:09","date_gmt":"2025-09-17T20:16:09","guid":{"rendered":"https:\/\/rubi.com.py\/index.php\/producto\/parlante-sony-mhc-v43d-hdmi-usb-dvd-radio-fm-bl\/"},"modified":"2026-04-20T22:01:01","modified_gmt":"2026-04-20T20:01:01","slug":"parlante-sony-mhc-v43d-hdmi-usb-dvd-radio-fm-bl","status":"publish","type":"product","link":"https:\/\/rubi.com.py\/index.php\/producto\/parlante-sony-mhc-v43d-hdmi-usb-dvd-radio-fm-bl\/","title":{"rendered":"PARLANTE SONY MHC-V43D HDMI USB DVD RADIO FM BL"},"content":{"rendered":"<p>* 2 entradas de micr\u00f3fono (guitarra y vocales). Incluye soporte de micr\u00f3fono. * Mega Bass-Modo Fiesta-Efecto DJ-Sampler, Football Mode. * Luces Omnidireccionales &#8211; Multi color &#8211; Party Light. * Control de gestos y nuevos comandos verticales. * Voice Control a trav\u00e9s de la aplicaci\u00f3n Fiestable. * Peso de la unidad principal 15.0 kg. * HDMI, USB Rec Play, DVD CD-R CA. * Aplicaci\u00f3n Music Center Fiestable. * Multibluetooth-LDAC-Radio FM. * Ruedas para portabilidad. * Tweeters esquinados. * Wireless Party Chain. * 2 Parlantes medios. * Panel splashproof. * Jet Bass Booster. * Karaoke. * In-Out. Im\u00e1genes meramente ilustrativas. Im\u00e1genes e informaci\u00f3n sujetas a cambios sin previo aviso. Detalles t\u00e9cnicos: \u2022 TENSION ELECTRICA: 120-240 VOLTIOS \u2022 FRECUENCIA ELECTRICA: 50\/60 HERTZ \u2022 POTENCIA: 115 Watts \u2022 ANCHO: 37,5 CM \u2022 ALTO: 85 CM \u2022 LARGO: 41 CM \u2022 PESO: 14500 GR<\/p>\n","protected":false},"excerpt":{"rendered":"<p>* 2 entradas de micr\u00f3fono (guitarra y vocales). Incluye soporte de micr\u00f3fono. * Mega Bass-Modo Fiesta-Efecto DJ-Sampler, Football Mode. * Luces Omnidireccionales &#8211; Multi color &#8211; Party Light. * Control de gestos y nuevos comandos verticales. * Voice Control a trav\u00e9s de la aplicaci\u00f3n Fiestable. * Peso de la unidad principal 15.0 kg. * HDMI, USB Rec Play, DVD CD-R CA. * Aplicaci\u00f3n Music Center Fiestable. * Multibluetooth-LDAC-Radio FM. * Ruedas para portabilidad. * Tweeters esquinados. * Wireless Party Chain. * 2 Parlantes medios. * Panel splashproof. * Jet Bass Booster. * Karaoke. * In-Out. Im\u00e1genes meramente ilustrativas. Im\u00e1genes e informaci\u00f3n sujetas a cambios sin previo aviso.<\/p>\n","protected":false},"featured_media":4582,"comment_status":"open","ping_status":"closed","template":"","meta":{"_et_pb_use_builder":"","_et_pb_old_content":"","_et_gb_content_width":""},"product_brand":[],"product_cat":[46],"product_tag":[],"class_list":{"0":"post-370","1":"product","2":"type-product","3":"status-publish","4":"has-post-thumbnail","6":"product_cat-tecnologia","8":"first","9":"instock","10":"shipping-taxable","11":"purchasable","12":"product-type-simple"},"_links":{"self":[{"href":"https:\/\/rubi.com.py\/index.php\/wp-json\/wp\/v2\/product\/370","targetHints":{"allow":["GET"]}}],"collection":[{"href":"https:\/\/rubi.com.py\/index.php\/wp-json\/wp\/v2\/product"}],"about":[{"href":"https:\/\/rubi.com.py\/index.php\/wp-json\/wp\/v2\/types\/product"}],"replies":[{"embeddable":true,"href":"https:\/\/rubi.com.py\/index.php\/wp-json\/wp\/v2\/comments?post=370"}],"wp:featuredmedia":[{"embeddable":true,"href":"https:\/\/rubi.com.py\/index.php\/wp-json\/wp\/v2\/media\/4582"}],"wp:attachment":[{"href":"https:\/\/rubi.com.py\/index.php\/wp-json\/wp\/v2\/media?parent=370"}],"wp:term":[{"taxonomy":"product_brand","embeddable":true,"href":"https:\/\/rubi.com.py\/index.php\/wp-json\/wp\/v2\/product_brand?post=370"},{"taxonomy":"product_cat","embeddable":true,"href":"https:\/\/rubi.com.py\/index.php\/wp-json\/wp\/v2\/product_cat?post=370"},{"taxonomy":"product_tag","embeddable":true,"href":"https:\/\/rubi.com.py\/index.php\/wp-json\/wp\/v2\/product_tag?post=370"}],"curies":[{"name":"wp","href":"https:\/\/api.w.org\/{rel}","templated":true}]}}