{"id":3703,"date":"2026-04-18T22:03:48","date_gmt":"2026-04-18T20:03:48","guid":{"rendered":"https:\/\/rubi.com.py\/index.php\/producto\/maquina-de-boxeo-para-pared-ninos-blanco-rosa\/"},"modified":"2026-04-18T22:03:48","modified_gmt":"2026-04-18T20:03:48","slug":"maquina-de-boxeo-para-pared-ninos-blanco-rosa","status":"publish","type":"product","link":"https:\/\/rubi.com.py\/index.php\/producto\/maquina-de-boxeo-para-pared-ninos-blanco-rosa\/","title":{"rendered":"MAQUINA DE BOXEO PARA PARED NI\u00d1OS BLANCO\/ROSA"},"content":{"rendered":"<p>MAQUINA DE BOXEO PARA PARED NI\u00d1OS BLANCO\/ROSA Caracter\u00edsticas: -9 velocidades atractivas -5 variaciones de volumen -Cable de datos extra largo de 1.50cm -Pantalla LED -Red inalambrica inteligente -Altavoz -Superficie de impacto con material de espuma de alta elasticidad -Conexi\u00f3n inal\u00e1mbrica -A bater\u00eda -Incluye guantes de boxeo<\/p>\n","protected":false},"excerpt":{"rendered":"<p>MAQUINA DE BOXEO PARA PARED NI\u00d1OS BLANCO\/ROSA<\/p>\n","protected":false},"featured_media":0,"comment_status":"open","ping_status":"closed","template":"","meta":{"_et_pb_use_builder":"","_et_pb_old_content":"","_et_gb_content_width":""},"product_brand":[],"product_cat":[40],"product_tag":[],"class_list":{"0":"post-3703","1":"product","2":"type-product","3":"status-publish","5":"product_cat-juguetes-y-juegos","7":"first","8":"instock","9":"shipping-taxable","10":"purchasable","11":"product-type-simple"},"_links":{"self":[{"href":"https:\/\/rubi.com.py\/index.php\/wp-json\/wp\/v2\/product\/3703","targetHints":{"allow":["GET"]}}],"collection":[{"href":"https:\/\/rubi.com.py\/index.php\/wp-json\/wp\/v2\/product"}],"about":[{"href":"https:\/\/rubi.com.py\/index.php\/wp-json\/wp\/v2\/types\/product"}],"replies":[{"embeddable":true,"href":"https:\/\/rubi.com.py\/index.php\/wp-json\/wp\/v2\/comments?post=3703"}],"wp:attachment":[{"href":"https:\/\/rubi.com.py\/index.php\/wp-json\/wp\/v2\/media?parent=3703"}],"wp:term":[{"taxonomy":"product_brand","embeddable":true,"href":"https:\/\/rubi.com.py\/index.php\/wp-json\/wp\/v2\/product_brand?post=3703"},{"taxonomy":"product_cat","embeddable":true,"href":"https:\/\/rubi.com.py\/index.php\/wp-json\/wp\/v2\/product_cat?post=3703"},{"taxonomy":"product_tag","embeddable":true,"href":"https:\/\/rubi.com.py\/index.php\/wp-json\/wp\/v2\/product_tag?post=3703"}],"curies":[{"name":"wp","href":"https:\/\/api.w.org\/{rel}","templated":true}]}}