{"id":3710,"date":"2026-04-18T22:15:48","date_gmt":"2026-04-18T20:15:48","guid":{"rendered":"https:\/\/rubi.com.py\/index.php\/producto\/mini-parlante-portatil-celeste\/"},"modified":"2026-04-18T22:15:48","modified_gmt":"2026-04-18T20:15:48","slug":"mini-parlante-portatil-celeste","status":"publish","type":"product","link":"https:\/\/rubi.com.py\/index.php\/producto\/mini-parlante-portatil-celeste\/","title":{"rendered":"MINI PARLANTE P\u00d3RTATIL CELESTE"},"content":{"rendered":"<p>MINI PARLANTE P\u00d3RTATIL CELESTE Caracter\u00edsticas: -Componentes incluidos: Bater\u00eda -Sensibilidad de audio: 73.0 decibeles -Respuesta de frecuencia: 10.0 KHz -Tipo de conector: USB -Patr\u00f3n polar: unidireccional -Color del producto: Negro -Tipo de alimentaci\u00f3n: Funciona con bater\u00eda -Dimensiones del art\u00edculo: 6.02 pulgadas -Cable de carga USB tipo C<\/p>\n","protected":false},"excerpt":{"rendered":"<p>MINI PARLANTE P\u00d3RTATIL CELESTE<\/p>\n","protected":false},"featured_media":3709,"comment_status":"open","ping_status":"closed","template":"","meta":{"_et_pb_use_builder":"","_et_pb_old_content":"","_et_gb_content_width":""},"product_brand":[],"product_cat":[46],"product_tag":[],"class_list":{"0":"post-3710","1":"product","2":"type-product","3":"status-publish","4":"has-post-thumbnail","6":"product_cat-tecnologia","8":"first","9":"instock","10":"shipping-taxable","11":"purchasable","12":"product-type-simple"},"_links":{"self":[{"href":"https:\/\/rubi.com.py\/index.php\/wp-json\/wp\/v2\/product\/3710","targetHints":{"allow":["GET"]}}],"collection":[{"href":"https:\/\/rubi.com.py\/index.php\/wp-json\/wp\/v2\/product"}],"about":[{"href":"https:\/\/rubi.com.py\/index.php\/wp-json\/wp\/v2\/types\/product"}],"replies":[{"embeddable":true,"href":"https:\/\/rubi.com.py\/index.php\/wp-json\/wp\/v2\/comments?post=3710"}],"wp:featuredmedia":[{"embeddable":true,"href":"https:\/\/rubi.com.py\/index.php\/wp-json\/wp\/v2\/media\/3709"}],"wp:attachment":[{"href":"https:\/\/rubi.com.py\/index.php\/wp-json\/wp\/v2\/media?parent=3710"}],"wp:term":[{"taxonomy":"product_brand","embeddable":true,"href":"https:\/\/rubi.com.py\/index.php\/wp-json\/wp\/v2\/product_brand?post=3710"},{"taxonomy":"product_cat","embeddable":true,"href":"https:\/\/rubi.com.py\/index.php\/wp-json\/wp\/v2\/product_cat?post=3710"},{"taxonomy":"product_tag","embeddable":true,"href":"https:\/\/rubi.com.py\/index.php\/wp-json\/wp\/v2\/product_tag?post=3710"}],"curies":[{"name":"wp","href":"https:\/\/api.w.org\/{rel}","templated":true}]}}