{"id":3712,"date":"2026-04-18T22:16:05","date_gmt":"2026-04-18T20:16:05","guid":{"rendered":"https:\/\/rubi.com.py\/index.php\/producto\/mini-parlante-portatil-crema\/"},"modified":"2026-04-18T22:16:05","modified_gmt":"2026-04-18T20:16:05","slug":"mini-parlante-portatil-crema","status":"publish","type":"product","link":"https:\/\/rubi.com.py\/index.php\/producto\/mini-parlante-portatil-crema\/","title":{"rendered":"MINI PARLANTE P\u00d3RTATIL CREMA"},"content":{"rendered":"<p>MINI PARLANTE P\u00d3RTATIL CREMA Caracter\u00edsticas: -Cuenta con un sistema de micr\u00f3fono dual profesional -Conectividad inal\u00e1mbrica -Un altavoz equipado con luces RGB de 5W de salida. -Es compatible con BT 5.3 para una conexi\u00f3n estable hasta 10 metros -Ofrece de 3 a 5 horas de reproducci\u00f3n -Con una bater\u00eda de 1800mAh. -Su dise\u00f1o port\u00e1til es ideal para uso en casa, al aire libre o en fiestas, ofreciendo una excelente calidad de sonido con subwoofer. -Cable de carga USB tipo C<\/p>\n","protected":false},"excerpt":{"rendered":"<p>MINI PARLANTE P\u00d3RTATIL CREMA<\/p>\n","protected":false},"featured_media":3711,"comment_status":"open","ping_status":"closed","template":"","meta":{"_et_pb_use_builder":"","_et_pb_old_content":"","_et_gb_content_width":""},"product_brand":[],"product_cat":[46],"product_tag":[],"class_list":{"0":"post-3712","1":"product","2":"type-product","3":"status-publish","4":"has-post-thumbnail","6":"product_cat-tecnologia","8":"first","9":"instock","10":"shipping-taxable","11":"purchasable","12":"product-type-simple"},"_links":{"self":[{"href":"https:\/\/rubi.com.py\/index.php\/wp-json\/wp\/v2\/product\/3712","targetHints":{"allow":["GET"]}}],"collection":[{"href":"https:\/\/rubi.com.py\/index.php\/wp-json\/wp\/v2\/product"}],"about":[{"href":"https:\/\/rubi.com.py\/index.php\/wp-json\/wp\/v2\/types\/product"}],"replies":[{"embeddable":true,"href":"https:\/\/rubi.com.py\/index.php\/wp-json\/wp\/v2\/comments?post=3712"}],"wp:featuredmedia":[{"embeddable":true,"href":"https:\/\/rubi.com.py\/index.php\/wp-json\/wp\/v2\/media\/3711"}],"wp:attachment":[{"href":"https:\/\/rubi.com.py\/index.php\/wp-json\/wp\/v2\/media?parent=3712"}],"wp:term":[{"taxonomy":"product_brand","embeddable":true,"href":"https:\/\/rubi.com.py\/index.php\/wp-json\/wp\/v2\/product_brand?post=3712"},{"taxonomy":"product_cat","embeddable":true,"href":"https:\/\/rubi.com.py\/index.php\/wp-json\/wp\/v2\/product_cat?post=3712"},{"taxonomy":"product_tag","embeddable":true,"href":"https:\/\/rubi.com.py\/index.php\/wp-json\/wp\/v2\/product_tag?post=3712"}],"curies":[{"name":"wp","href":"https:\/\/api.w.org\/{rel}","templated":true}]}}