{"id":3714,"date":"2026-04-18T22:16:18","date_gmt":"2026-04-18T20:16:18","guid":{"rendered":"https:\/\/rubi.com.py\/index.php\/producto\/mini-parlante-portatil-rosa\/"},"modified":"2026-04-18T22:16:18","modified_gmt":"2026-04-18T20:16:18","slug":"mini-parlante-portatil-rosa","status":"publish","type":"product","link":"https:\/\/rubi.com.py\/index.php\/producto\/mini-parlante-portatil-rosa\/","title":{"rendered":"MINI PARLANTE P\u00d3RTATIL ROSA"},"content":{"rendered":"<p>MINI PARLANTE P\u00d3RTATIL ROSA Caracter\u00edsticas: -Voltaje: 5V -Tipo de parlante: medio. -Con conectividad bluetooth. -Tiene luces led de colores -Funci\u00f3n de karaoke incorporada. -Distintos efectos de voz. -Bater\u00eda recargable. -Potencia de 5W. -Viene con 2 micr\u00f3fonos de accesorio. -Conector de entrada: Puerto Usb para Mp3. -Lugar de colocaci\u00f3n: mesa. -Cuenta con micr\u00f3fono interno. -Con sintonizador de radio. -Tiempo de carga de la bater\u00eda: 3h. -Cable de carga USB tipo C<\/p>\n","protected":false},"excerpt":{"rendered":"<p>MINI PARLANTE P\u00d3RTATIL ROSA<\/p>\n","protected":false},"featured_media":3713,"comment_status":"open","ping_status":"closed","template":"","meta":{"_et_pb_use_builder":"","_et_pb_old_content":"","_et_gb_content_width":""},"product_brand":[],"product_cat":[46],"product_tag":[],"class_list":{"0":"post-3714","1":"product","2":"type-product","3":"status-publish","4":"has-post-thumbnail","6":"product_cat-tecnologia","8":"first","9":"instock","10":"shipping-taxable","11":"purchasable","12":"product-type-simple"},"_links":{"self":[{"href":"https:\/\/rubi.com.py\/index.php\/wp-json\/wp\/v2\/product\/3714","targetHints":{"allow":["GET"]}}],"collection":[{"href":"https:\/\/rubi.com.py\/index.php\/wp-json\/wp\/v2\/product"}],"about":[{"href":"https:\/\/rubi.com.py\/index.php\/wp-json\/wp\/v2\/types\/product"}],"replies":[{"embeddable":true,"href":"https:\/\/rubi.com.py\/index.php\/wp-json\/wp\/v2\/comments?post=3714"}],"wp:featuredmedia":[{"embeddable":true,"href":"https:\/\/rubi.com.py\/index.php\/wp-json\/wp\/v2\/media\/3713"}],"wp:attachment":[{"href":"https:\/\/rubi.com.py\/index.php\/wp-json\/wp\/v2\/media?parent=3714"}],"wp:term":[{"taxonomy":"product_brand","embeddable":true,"href":"https:\/\/rubi.com.py\/index.php\/wp-json\/wp\/v2\/product_brand?post=3714"},{"taxonomy":"product_cat","embeddable":true,"href":"https:\/\/rubi.com.py\/index.php\/wp-json\/wp\/v2\/product_cat?post=3714"},{"taxonomy":"product_tag","embeddable":true,"href":"https:\/\/rubi.com.py\/index.php\/wp-json\/wp\/v2\/product_tag?post=3714"}],"curies":[{"name":"wp","href":"https:\/\/api.w.org\/{rel}","templated":true}]}}