{"id":3716,"date":"2026-04-18T22:16:39","date_gmt":"2026-04-18T20:16:39","guid":{"rendered":"https:\/\/rubi.com.py\/index.php\/producto\/mini-lavarropas-portatil-azul-marino\/"},"modified":"2026-04-18T22:16:39","modified_gmt":"2026-04-18T20:16:39","slug":"mini-lavarropas-portatil-azul-marino","status":"publish","type":"product","link":"https:\/\/rubi.com.py\/index.php\/producto\/mini-lavarropas-portatil-azul-marino\/","title":{"rendered":"MINI LAVARROPAS PORTATIL AZUL MARINO"},"content":{"rendered":"<p>MINI LAVARROPAS PORTATIL AZUL MARINO Caracter\u00edsticas: -Dise\u00f1o compacto y plegable: Se adapta a cualquier espacio y es f\u00e1cil de guardar. -F\u00e1cil de usar: Panel de control simple con funciones b\u00e1sicas de lavado. -Capacidad ideal: Perfecta para ropa interior, camisetas, ropa de beb\u00e9, entre otros. -Consumo reducido de agua y energ\u00eda. -Potencia nominal: 12 V -Voltaje de entrada del adaptador: 40 W -Voltaje de salida del adaptador: 100-240 V ~ 50\/60 Hz -Volumen de lavado: 11 L -Velocidad de lavado: 220 \u00b120rpm -Peso neto por unidad (kg): 1,5 kg -Peso bruto :1,9 kg -Dimensiones del producto (largo x ancho x alto) cm: 22 x 25.50 -Dimensiones de plegado (largo x ancho x alto) mm: 29 x 30.5 x 11 cm -Dimensiones de la caja (largo x ancho x alto) mm: 30.5 x 14.5 x 30.5 cm -Cantidad: 1 unidad -Ca\u00f1o corrugado de desague -110-220V<\/p>\n","protected":false},"excerpt":{"rendered":"<p>MINI LAVARROPAS PORTATIL AZUL MARINO<\/p>\n","protected":false},"featured_media":3715,"comment_status":"open","ping_status":"closed","template":"","meta":{"_et_pb_use_builder":"","_et_pb_old_content":"","_et_gb_content_width":""},"product_brand":[],"product_cat":[46],"product_tag":[],"class_list":{"0":"post-3716","1":"product","2":"type-product","3":"status-publish","4":"has-post-thumbnail","6":"product_cat-tecnologia","8":"first","9":"instock","10":"shipping-taxable","11":"purchasable","12":"product-type-simple"},"_links":{"self":[{"href":"https:\/\/rubi.com.py\/index.php\/wp-json\/wp\/v2\/product\/3716","targetHints":{"allow":["GET"]}}],"collection":[{"href":"https:\/\/rubi.com.py\/index.php\/wp-json\/wp\/v2\/product"}],"about":[{"href":"https:\/\/rubi.com.py\/index.php\/wp-json\/wp\/v2\/types\/product"}],"replies":[{"embeddable":true,"href":"https:\/\/rubi.com.py\/index.php\/wp-json\/wp\/v2\/comments?post=3716"}],"wp:featuredmedia":[{"embeddable":true,"href":"https:\/\/rubi.com.py\/index.php\/wp-json\/wp\/v2\/media\/3715"}],"wp:attachment":[{"href":"https:\/\/rubi.com.py\/index.php\/wp-json\/wp\/v2\/media?parent=3716"}],"wp:term":[{"taxonomy":"product_brand","embeddable":true,"href":"https:\/\/rubi.com.py\/index.php\/wp-json\/wp\/v2\/product_brand?post=3716"},{"taxonomy":"product_cat","embeddable":true,"href":"https:\/\/rubi.com.py\/index.php\/wp-json\/wp\/v2\/product_cat?post=3716"},{"taxonomy":"product_tag","embeddable":true,"href":"https:\/\/rubi.com.py\/index.php\/wp-json\/wp\/v2\/product_tag?post=3716"}],"curies":[{"name":"wp","href":"https:\/\/api.w.org\/{rel}","templated":true}]}}