{"id":3717,"date":"2026-04-18T22:17:11","date_gmt":"2026-04-18T20:17:11","guid":{"rendered":"https:\/\/rubi.com.py\/index.php\/producto\/set-de-boxeo-con-accesorios-1-20x66-5x18-5cm\/"},"modified":"2026-04-18T22:17:11","modified_gmt":"2026-04-18T20:17:11","slug":"set-de-boxeo-con-accesorios-1-20x66-5x18-5cm","status":"publish","type":"product","link":"https:\/\/rubi.com.py\/index.php\/producto\/set-de-boxeo-con-accesorios-1-20x66-5x18-5cm\/","title":{"rendered":"SET DE BOXEO CON ACCESORIOS 1.20&#215;66.5&#215;18.5CM"},"content":{"rendered":"<p>SET DE BOXEO CON ACCESORIOS 1.20&#215;66.5&#215;18.5CM Caracter\u00edsticas: -Base de escal\u00f3n para los pies -Altura ajustable -f\u00e1cil montaje -Incluye: par de guantes, 1 pelota, 1 inflador -Material de plastico -Llave, tornillo mariposa -Soporte de color negro<\/p>\n","protected":false},"excerpt":{"rendered":"<p>SET DE BOXEO CON ACCESORIOS 1.20&#215;66.5&#215;18.5CM<\/p>\n","protected":false},"featured_media":0,"comment_status":"open","ping_status":"closed","template":"","meta":{"_et_pb_use_builder":"","_et_pb_old_content":"","_et_gb_content_width":""},"product_brand":[],"product_cat":[35],"product_tag":[],"class_list":{"0":"post-3717","1":"product","2":"type-product","3":"status-publish","5":"product_cat-equipos-de-gimnasia","7":"first","8":"instock","9":"shipping-taxable","10":"purchasable","11":"product-type-simple"},"_links":{"self":[{"href":"https:\/\/rubi.com.py\/index.php\/wp-json\/wp\/v2\/product\/3717","targetHints":{"allow":["GET"]}}],"collection":[{"href":"https:\/\/rubi.com.py\/index.php\/wp-json\/wp\/v2\/product"}],"about":[{"href":"https:\/\/rubi.com.py\/index.php\/wp-json\/wp\/v2\/types\/product"}],"replies":[{"embeddable":true,"href":"https:\/\/rubi.com.py\/index.php\/wp-json\/wp\/v2\/comments?post=3717"}],"wp:attachment":[{"href":"https:\/\/rubi.com.py\/index.php\/wp-json\/wp\/v2\/media?parent=3717"}],"wp:term":[{"taxonomy":"product_brand","embeddable":true,"href":"https:\/\/rubi.com.py\/index.php\/wp-json\/wp\/v2\/product_brand?post=3717"},{"taxonomy":"product_cat","embeddable":true,"href":"https:\/\/rubi.com.py\/index.php\/wp-json\/wp\/v2\/product_cat?post=3717"},{"taxonomy":"product_tag","embeddable":true,"href":"https:\/\/rubi.com.py\/index.php\/wp-json\/wp\/v2\/product_tag?post=3717"}],"curies":[{"name":"wp","href":"https:\/\/api.w.org\/{rel}","templated":true}]}}