{"id":3719,"date":"2026-04-18T22:17:49","date_gmt":"2026-04-18T20:17:49","guid":{"rendered":"https:\/\/rubi.com.py\/index.php\/producto\/calculadora-kenko-8875-12\/"},"modified":"2026-04-18T22:17:52","modified_gmt":"2026-04-18T20:17:52","slug":"calculadora-kenko-8875-12","status":"publish","type":"product","link":"https:\/\/rubi.com.py\/index.php\/producto\/calculadora-kenko-8875-12\/","title":{"rendered":"CALCULADORA KENKO 8875-12"},"content":{"rendered":"<p>CALCULADORA KENKO 8875-12 Caracter\u00edsticas: -De escritorio -Pantalla de 12 d\u00edgitos -Compacta y sencilla -Funcion de apagado automatico -Teclas pl\u00e1sticas de larga duraci\u00f3n -17x15cm -1 pila AA (No incluye pila)<\/p>\n","protected":false},"excerpt":{"rendered":"<p>CALCULADORA KENKO 8875-12<\/p>\n","protected":false},"featured_media":0,"comment_status":"open","ping_status":"closed","template":"","meta":{"_et_pb_use_builder":"","_et_pb_old_content":"","_et_gb_content_width":""},"product_brand":[],"product_cat":[46],"product_tag":[],"class_list":{"0":"post-3719","1":"product","2":"type-product","3":"status-publish","5":"product_cat-tecnologia","7":"first","8":"instock","9":"shipping-taxable","10":"purchasable","11":"product-type-simple"},"_links":{"self":[{"href":"https:\/\/rubi.com.py\/index.php\/wp-json\/wp\/v2\/product\/3719","targetHints":{"allow":["GET"]}}],"collection":[{"href":"https:\/\/rubi.com.py\/index.php\/wp-json\/wp\/v2\/product"}],"about":[{"href":"https:\/\/rubi.com.py\/index.php\/wp-json\/wp\/v2\/types\/product"}],"replies":[{"embeddable":true,"href":"https:\/\/rubi.com.py\/index.php\/wp-json\/wp\/v2\/comments?post=3719"}],"wp:attachment":[{"href":"https:\/\/rubi.com.py\/index.php\/wp-json\/wp\/v2\/media?parent=3719"}],"wp:term":[{"taxonomy":"product_brand","embeddable":true,"href":"https:\/\/rubi.com.py\/index.php\/wp-json\/wp\/v2\/product_brand?post=3719"},{"taxonomy":"product_cat","embeddable":true,"href":"https:\/\/rubi.com.py\/index.php\/wp-json\/wp\/v2\/product_cat?post=3719"},{"taxonomy":"product_tag","embeddable":true,"href":"https:\/\/rubi.com.py\/index.php\/wp-json\/wp\/v2\/product_tag?post=3719"}],"curies":[{"name":"wp","href":"https:\/\/api.w.org\/{rel}","templated":true}]}}