{"id":372,"date":"2025-09-17T22:16:19","date_gmt":"2025-09-17T20:16:19","guid":{"rendered":"https:\/\/rubi.com.py\/index.php\/producto\/parlante-sony-mhc-v13-usb-cd-radio-fm-bl\/"},"modified":"2026-04-20T22:00:44","modified_gmt":"2026-04-20T20:00:44","slug":"parlante-sony-mhc-v13-usb-cd-radio-fm-bl","status":"publish","type":"product","link":"https:\/\/rubi.com.py\/index.php\/producto\/parlante-sony-mhc-v13-usb-cd-radio-fm-bl\/","title":{"rendered":"PARLANTE SONY MHC-V13 USB CD RADIO FM BL"},"content":{"rendered":"<p>* 1inputs Mic-Guitar (incluye soporte de micr\u00f3fono). * Aplicaci\u00f3n Music Center-Fiestable. * Multibluetooth-LDAC-Radio FM. * In-Out1 USB Rec&amp;Play-CD-RCA. * Pesounidad principal 10.0kg. * Voice Control v\u00eda Fiestable. * Speaker Light (Multicolor). * MegaBass-Football Mode. * Asa para portabilidad. * Tweeters esquinados. * Wireless PartyChain. * Funci\u00f3n Karaoke. * Jet Bass Booster. Im\u00e1genes meramente ilustrativas. Im\u00e1genes e informaci\u00f3n sujetas a cambios sin previo aviso. Detalles t\u00e9cnicos: \u2022 COLOR: NEGRO COLOR \u2022 ANCHO: 33 CM \u2022 ALTO: 60 CM \u2022 LARGO: 29 CM \u2022 PESO: 8100 GR<\/p>\n","protected":false},"excerpt":{"rendered":"<p>* 1inputs Mic-Guitar (incluye soporte de micr\u00f3fono). * Aplicaci\u00f3n Music Center-Fiestable. * Multibluetooth-LDAC-Radio FM. * In-Out1 USB Rec&amp;Play-CD-RCA. * Pesounidad principal 10.0kg. * Voice Control v\u00eda Fiestable. * Speaker Light (Multicolor). * MegaBass-Football Mode. * Asa para portabilidad. * Tweeters esquinados. * Wireless PartyChain. * Funci\u00f3n Karaoke. * Jet Bass Booster. Im\u00e1genes meramente ilustrativas. Im\u00e1genes e informaci\u00f3n sujetas a cambios sin previo aviso.<\/p>\n","protected":false},"featured_media":4581,"comment_status":"open","ping_status":"closed","template":"","meta":{"_et_pb_use_builder":"","_et_pb_old_content":"","_et_gb_content_width":""},"product_brand":[],"product_cat":[46],"product_tag":[],"class_list":{"0":"post-372","1":"product","2":"type-product","3":"status-publish","4":"has-post-thumbnail","6":"product_cat-tecnologia","8":"first","9":"instock","10":"shipping-taxable","11":"purchasable","12":"product-type-simple"},"_links":{"self":[{"href":"https:\/\/rubi.com.py\/index.php\/wp-json\/wp\/v2\/product\/372","targetHints":{"allow":["GET"]}}],"collection":[{"href":"https:\/\/rubi.com.py\/index.php\/wp-json\/wp\/v2\/product"}],"about":[{"href":"https:\/\/rubi.com.py\/index.php\/wp-json\/wp\/v2\/types\/product"}],"replies":[{"embeddable":true,"href":"https:\/\/rubi.com.py\/index.php\/wp-json\/wp\/v2\/comments?post=372"}],"wp:featuredmedia":[{"embeddable":true,"href":"https:\/\/rubi.com.py\/index.php\/wp-json\/wp\/v2\/media\/4581"}],"wp:attachment":[{"href":"https:\/\/rubi.com.py\/index.php\/wp-json\/wp\/v2\/media?parent=372"}],"wp:term":[{"taxonomy":"product_brand","embeddable":true,"href":"https:\/\/rubi.com.py\/index.php\/wp-json\/wp\/v2\/product_brand?post=372"},{"taxonomy":"product_cat","embeddable":true,"href":"https:\/\/rubi.com.py\/index.php\/wp-json\/wp\/v2\/product_cat?post=372"},{"taxonomy":"product_tag","embeddable":true,"href":"https:\/\/rubi.com.py\/index.php\/wp-json\/wp\/v2\/product_tag?post=372"}],"curies":[{"name":"wp","href":"https:\/\/api.w.org\/{rel}","templated":true}]}}