{"id":3723,"date":"2026-04-18T22:18:54","date_gmt":"2026-04-18T20:18:54","guid":{"rendered":"https:\/\/rubi.com.py\/index.php\/producto\/maquina-de-boxeo-para-pared-adultos\/"},"modified":"2026-04-18T22:18:57","modified_gmt":"2026-04-18T20:18:57","slug":"maquina-de-boxeo-para-pared-adultos","status":"publish","type":"product","link":"https:\/\/rubi.com.py\/index.php\/producto\/maquina-de-boxeo-para-pared-adultos\/","title":{"rendered":"MAQUINA DE BOXEO PARA PARED ADULTOS"},"content":{"rendered":"<p>MAQUINA DE BOXEO PARA PARED ADULTOS Caracter\u00edsticas: -Tama\u00f1o: 36 x 30 cm -Instalaci\u00f3n montada en la pared -Uso: libera stress, entrenamiento de boxeo, ejercicios finess, etc. -Con chip inteligente integrado. &#8211; Elegante, facil de limpiar y pr\u00e1ctico. -Conexi\u00f3n inal\u00e1mbrica -Almohadillas de boxeo -Sistema sonido estereo -Conexi\u00f3n inhal\u00e1mbrica -2 guantes de 25cm de largo y 12cm de ancho<\/p>\n","protected":false},"excerpt":{"rendered":"<p>MAQUINA DE BOXEO PARA PARED ADULTOS<\/p>\n","protected":false},"featured_media":3724,"comment_status":"open","ping_status":"closed","template":"","meta":{"_et_pb_use_builder":"","_et_pb_old_content":"","_et_gb_content_width":""},"product_brand":[],"product_cat":[35],"product_tag":[],"class_list":{"0":"post-3723","1":"product","2":"type-product","3":"status-publish","4":"has-post-thumbnail","6":"product_cat-equipos-de-gimnasia","8":"first","9":"instock","10":"shipping-taxable","11":"purchasable","12":"product-type-simple"},"_links":{"self":[{"href":"https:\/\/rubi.com.py\/index.php\/wp-json\/wp\/v2\/product\/3723","targetHints":{"allow":["GET"]}}],"collection":[{"href":"https:\/\/rubi.com.py\/index.php\/wp-json\/wp\/v2\/product"}],"about":[{"href":"https:\/\/rubi.com.py\/index.php\/wp-json\/wp\/v2\/types\/product"}],"replies":[{"embeddable":true,"href":"https:\/\/rubi.com.py\/index.php\/wp-json\/wp\/v2\/comments?post=3723"}],"wp:featuredmedia":[{"embeddable":true,"href":"https:\/\/rubi.com.py\/index.php\/wp-json\/wp\/v2\/media\/3724"}],"wp:attachment":[{"href":"https:\/\/rubi.com.py\/index.php\/wp-json\/wp\/v2\/media?parent=3723"}],"wp:term":[{"taxonomy":"product_brand","embeddable":true,"href":"https:\/\/rubi.com.py\/index.php\/wp-json\/wp\/v2\/product_brand?post=3723"},{"taxonomy":"product_cat","embeddable":true,"href":"https:\/\/rubi.com.py\/index.php\/wp-json\/wp\/v2\/product_cat?post=3723"},{"taxonomy":"product_tag","embeddable":true,"href":"https:\/\/rubi.com.py\/index.php\/wp-json\/wp\/v2\/product_tag?post=3723"}],"curies":[{"name":"wp","href":"https:\/\/api.w.org\/{rel}","templated":true}]}}