{"id":3726,"date":"2026-04-18T22:19:20","date_gmt":"2026-04-18T20:19:20","guid":{"rendered":"https:\/\/rubi.com.py\/index.php\/producto\/caja-fuerte-mediana\/"},"modified":"2026-04-18T22:19:20","modified_gmt":"2026-04-18T20:19:20","slug":"caja-fuerte-mediana","status":"publish","type":"product","link":"https:\/\/rubi.com.py\/index.php\/producto\/caja-fuerte-mediana\/","title":{"rendered":"CAJA FUERTE MEDIANA"},"content":{"rendered":"<p>CAJA FUERTE MEDIANA Caracter\u00edsticas: -Construcci\u00f3n de acero al carbono de alta resistencia -M\u00e9todo de desbloqeo con contrase\u00f1a, llave de respaldo y huella dactilar -Dimensiones interiores: 40X35X30cm -Ideal para almacenar efectivo, joyas y documentos -Con display digital<\/p>\n","protected":false},"excerpt":{"rendered":"<p>CAJA FUERTE MEDIANA<\/p>\n","protected":false},"featured_media":3725,"comment_status":"open","ping_status":"closed","template":"","meta":{"_et_pb_use_builder":"","_et_pb_old_content":"","_et_gb_content_width":""},"product_brand":[],"product_cat":[39],"product_tag":[],"class_list":{"0":"post-3726","1":"product","2":"type-product","3":"status-publish","4":"has-post-thumbnail","6":"product_cat-industria-comercio-y-campo","8":"first","9":"instock","10":"shipping-taxable","11":"purchasable","12":"product-type-simple"},"_links":{"self":[{"href":"https:\/\/rubi.com.py\/index.php\/wp-json\/wp\/v2\/product\/3726","targetHints":{"allow":["GET"]}}],"collection":[{"href":"https:\/\/rubi.com.py\/index.php\/wp-json\/wp\/v2\/product"}],"about":[{"href":"https:\/\/rubi.com.py\/index.php\/wp-json\/wp\/v2\/types\/product"}],"replies":[{"embeddable":true,"href":"https:\/\/rubi.com.py\/index.php\/wp-json\/wp\/v2\/comments?post=3726"}],"wp:featuredmedia":[{"embeddable":true,"href":"https:\/\/rubi.com.py\/index.php\/wp-json\/wp\/v2\/media\/3725"}],"wp:attachment":[{"href":"https:\/\/rubi.com.py\/index.php\/wp-json\/wp\/v2\/media?parent=3726"}],"wp:term":[{"taxonomy":"product_brand","embeddable":true,"href":"https:\/\/rubi.com.py\/index.php\/wp-json\/wp\/v2\/product_brand?post=3726"},{"taxonomy":"product_cat","embeddable":true,"href":"https:\/\/rubi.com.py\/index.php\/wp-json\/wp\/v2\/product_cat?post=3726"},{"taxonomy":"product_tag","embeddable":true,"href":"https:\/\/rubi.com.py\/index.php\/wp-json\/wp\/v2\/product_tag?post=3726"}],"curies":[{"name":"wp","href":"https:\/\/api.w.org\/{rel}","templated":true}]}}