{"id":3727,"date":"2026-04-18T22:19:34","date_gmt":"2026-04-18T20:19:34","guid":{"rendered":"https:\/\/rubi.com.py\/index.php\/producto\/caja-fuerte-grande\/"},"modified":"2026-04-18T22:19:34","modified_gmt":"2026-04-18T20:19:34","slug":"caja-fuerte-grande","status":"publish","type":"product","link":"https:\/\/rubi.com.py\/index.php\/producto\/caja-fuerte-grande\/","title":{"rendered":"CAJA FUERTE GRANDE"},"content":{"rendered":"<p>CAJA FUERTE GRANDE Caracter\u00edsticas: -Construcci\u00f3n robusta de acero al carbono de alta resistencia -M\u00e9todo de desbloqeo con contrase\u00f1a, llave de respaldo y huella dactilar -Dimensiones interiores: 50X35X30cm -Ideal para almacenar efectivo, joyas y documentos -Con display digital -Dise\u00f1o empotrable y de piso para mayor seguridad -Incluye 4 bater\u00edas o pilas AA. -Incluye un cargador de pilas con salida tipo C -Incluye un tapizado y fondo de metal -4 tarugos metalicos<\/p>\n","protected":false},"excerpt":{"rendered":"<p>CAJA FUERTE GRANDE<\/p>\n","protected":false},"featured_media":0,"comment_status":"open","ping_status":"closed","template":"","meta":{"_et_pb_use_builder":"","_et_pb_old_content":"","_et_gb_content_width":""},"product_brand":[],"product_cat":[39],"product_tag":[],"class_list":{"0":"post-3727","1":"product","2":"type-product","3":"status-publish","5":"product_cat-industria-comercio-y-campo","7":"first","8":"instock","9":"shipping-taxable","10":"purchasable","11":"product-type-simple"},"_links":{"self":[{"href":"https:\/\/rubi.com.py\/index.php\/wp-json\/wp\/v2\/product\/3727","targetHints":{"allow":["GET"]}}],"collection":[{"href":"https:\/\/rubi.com.py\/index.php\/wp-json\/wp\/v2\/product"}],"about":[{"href":"https:\/\/rubi.com.py\/index.php\/wp-json\/wp\/v2\/types\/product"}],"replies":[{"embeddable":true,"href":"https:\/\/rubi.com.py\/index.php\/wp-json\/wp\/v2\/comments?post=3727"}],"wp:attachment":[{"href":"https:\/\/rubi.com.py\/index.php\/wp-json\/wp\/v2\/media?parent=3727"}],"wp:term":[{"taxonomy":"product_brand","embeddable":true,"href":"https:\/\/rubi.com.py\/index.php\/wp-json\/wp\/v2\/product_brand?post=3727"},{"taxonomy":"product_cat","embeddable":true,"href":"https:\/\/rubi.com.py\/index.php\/wp-json\/wp\/v2\/product_cat?post=3727"},{"taxonomy":"product_tag","embeddable":true,"href":"https:\/\/rubi.com.py\/index.php\/wp-json\/wp\/v2\/product_tag?post=3727"}],"curies":[{"name":"wp","href":"https:\/\/api.w.org\/{rel}","templated":true}]}}