{"id":3732,"date":"2026-04-18T22:20:29","date_gmt":"2026-04-18T20:20:29","guid":{"rendered":"https:\/\/rubi.com.py\/index.php\/producto\/pelota-de-basket-sport-n7\/"},"modified":"2026-04-18T22:20:29","modified_gmt":"2026-04-18T20:20:29","slug":"pelota-de-basket-sport-n7","status":"publish","type":"product","link":"https:\/\/rubi.com.py\/index.php\/producto\/pelota-de-basket-sport-n7\/","title":{"rendered":"PELOTA DE BASKET SPORT N\u00b07"},"content":{"rendered":"<p>PELOTA DE BASKET SPORT N\u00b07 Caracter\u00edsticas: &#8211; Material: Goma (Caucho). &#8211; C\u00e1mara: Butylo &#8211; Ideal ni\u00f1os entre 2 y 8 a\u00f1os (la pueden usar de cualquier edad) &#8211; Uso: Juego Diversi\u00f3n Espacios peque\u00f1os, pr\u00e1ctica y movimientos de basket ball<\/p>\n","protected":false},"excerpt":{"rendered":"<p>PELOTA DE BASKET SPORT N\u00b07<\/p>\n","protected":false},"featured_media":3731,"comment_status":"open","ping_status":"closed","template":"","meta":{"_et_pb_use_builder":"","_et_pb_old_content":"","_et_gb_content_width":""},"product_brand":[],"product_cat":[40],"product_tag":[],"class_list":{"0":"post-3732","1":"product","2":"type-product","3":"status-publish","4":"has-post-thumbnail","6":"product_cat-juguetes-y-juegos","8":"first","9":"instock","10":"shipping-taxable","11":"purchasable","12":"product-type-simple"},"_links":{"self":[{"href":"https:\/\/rubi.com.py\/index.php\/wp-json\/wp\/v2\/product\/3732","targetHints":{"allow":["GET"]}}],"collection":[{"href":"https:\/\/rubi.com.py\/index.php\/wp-json\/wp\/v2\/product"}],"about":[{"href":"https:\/\/rubi.com.py\/index.php\/wp-json\/wp\/v2\/types\/product"}],"replies":[{"embeddable":true,"href":"https:\/\/rubi.com.py\/index.php\/wp-json\/wp\/v2\/comments?post=3732"}],"wp:featuredmedia":[{"embeddable":true,"href":"https:\/\/rubi.com.py\/index.php\/wp-json\/wp\/v2\/media\/3731"}],"wp:attachment":[{"href":"https:\/\/rubi.com.py\/index.php\/wp-json\/wp\/v2\/media?parent=3732"}],"wp:term":[{"taxonomy":"product_brand","embeddable":true,"href":"https:\/\/rubi.com.py\/index.php\/wp-json\/wp\/v2\/product_brand?post=3732"},{"taxonomy":"product_cat","embeddable":true,"href":"https:\/\/rubi.com.py\/index.php\/wp-json\/wp\/v2\/product_cat?post=3732"},{"taxonomy":"product_tag","embeddable":true,"href":"https:\/\/rubi.com.py\/index.php\/wp-json\/wp\/v2\/product_tag?post=3732"}],"curies":[{"name":"wp","href":"https:\/\/api.w.org\/{rel}","templated":true}]}}