{"id":3734,"date":"2026-04-18T22:21:02","date_gmt":"2026-04-18T20:21:02","guid":{"rendered":"https:\/\/rubi.com.py\/index.php\/producto\/mochila-termica-impermeable-oxford-24-lts-rojo\/"},"modified":"2026-04-18T22:21:02","modified_gmt":"2026-04-18T20:21:02","slug":"mochila-termica-impermeable-oxford-24-lts-rojo","status":"publish","type":"product","link":"https:\/\/rubi.com.py\/index.php\/producto\/mochila-termica-impermeable-oxford-24-lts-rojo\/","title":{"rendered":"MOCHILA T\u00c9RMICA IMPERMEABLE OXFORD 24 LTS. ROJO"},"content":{"rendered":"<p>MOCHILA T\u00c9RMICA IMPERMEABLE OXFORD 24 LTS. ROJO Caracter\u00edsticas: -Forma: Rectangular -Instrucciones de cuidado: Lavado a mano -Material: tela oxford -Tipo de impresi\u00f3n: Sin estampado -Puede usarse para contacto con alimentos: No -Medidas: 42x18x32cm<\/p>\n","protected":false},"excerpt":{"rendered":"<p>MOCHILA T\u00c9RMICA IMPERMEABLE OXFORD 24 LTS. ROJO<\/p>\n","protected":false},"featured_media":0,"comment_status":"open","ping_status":"closed","template":"","meta":{"_et_pb_use_builder":"","_et_pb_old_content":"","_et_gb_content_width":""},"product_brand":[],"product_cat":[46],"product_tag":[],"class_list":{"0":"post-3734","1":"product","2":"type-product","3":"status-publish","5":"product_cat-tecnologia","7":"first","8":"instock","9":"shipping-taxable","10":"purchasable","11":"product-type-simple"},"_links":{"self":[{"href":"https:\/\/rubi.com.py\/index.php\/wp-json\/wp\/v2\/product\/3734","targetHints":{"allow":["GET"]}}],"collection":[{"href":"https:\/\/rubi.com.py\/index.php\/wp-json\/wp\/v2\/product"}],"about":[{"href":"https:\/\/rubi.com.py\/index.php\/wp-json\/wp\/v2\/types\/product"}],"replies":[{"embeddable":true,"href":"https:\/\/rubi.com.py\/index.php\/wp-json\/wp\/v2\/comments?post=3734"}],"wp:attachment":[{"href":"https:\/\/rubi.com.py\/index.php\/wp-json\/wp\/v2\/media?parent=3734"}],"wp:term":[{"taxonomy":"product_brand","embeddable":true,"href":"https:\/\/rubi.com.py\/index.php\/wp-json\/wp\/v2\/product_brand?post=3734"},{"taxonomy":"product_cat","embeddable":true,"href":"https:\/\/rubi.com.py\/index.php\/wp-json\/wp\/v2\/product_cat?post=3734"},{"taxonomy":"product_tag","embeddable":true,"href":"https:\/\/rubi.com.py\/index.php\/wp-json\/wp\/v2\/product_tag?post=3734"}],"curies":[{"name":"wp","href":"https:\/\/api.w.org\/{rel}","templated":true}]}}