{"id":3738,"date":"2026-04-18T22:21:40","date_gmt":"2026-04-18T20:21:40","guid":{"rendered":"https:\/\/rubi.com.py\/index.php\/producto\/bolso-termico-oxford-bajo-24-lts\/"},"modified":"2026-04-18T22:21:40","modified_gmt":"2026-04-18T20:21:40","slug":"bolso-termico-oxford-bajo-24-lts","status":"publish","type":"product","link":"https:\/\/rubi.com.py\/index.php\/producto\/bolso-termico-oxford-bajo-24-lts\/","title":{"rendered":"BOLSO T\u00c9RMICO OXFORD (BAJO) 24 LTS."},"content":{"rendered":"<p>BOLSO T\u00c9RMICO OXFORD (BAJO) 24 LTS. Caracter\u00edsticas: -Color: Verde -Material: Poliuretano -Capacidad: 24 litros aprox. -Dimensiones: 30x29x27 -Ideal para acampar, pescar, dia de picnic, senderismo. -A prueba de fugas -aislado -Impermeable -Ligero -Plegable -Limpiar con pa\u00f1o h\u00famedo -Con correa<\/p>\n","protected":false},"excerpt":{"rendered":"<p>BOLSO T\u00c9RMICO OXFORD (BAJO) 24 LTS.<\/p>\n","protected":false},"featured_media":3737,"comment_status":"open","ping_status":"closed","template":"","meta":{"_et_pb_use_builder":"","_et_pb_old_content":"","_et_gb_content_width":""},"product_brand":[],"product_cat":[46],"product_tag":[],"class_list":{"0":"post-3738","1":"product","2":"type-product","3":"status-publish","4":"has-post-thumbnail","6":"product_cat-tecnologia","8":"first","9":"instock","10":"shipping-taxable","11":"purchasable","12":"product-type-simple"},"_links":{"self":[{"href":"https:\/\/rubi.com.py\/index.php\/wp-json\/wp\/v2\/product\/3738","targetHints":{"allow":["GET"]}}],"collection":[{"href":"https:\/\/rubi.com.py\/index.php\/wp-json\/wp\/v2\/product"}],"about":[{"href":"https:\/\/rubi.com.py\/index.php\/wp-json\/wp\/v2\/types\/product"}],"replies":[{"embeddable":true,"href":"https:\/\/rubi.com.py\/index.php\/wp-json\/wp\/v2\/comments?post=3738"}],"wp:featuredmedia":[{"embeddable":true,"href":"https:\/\/rubi.com.py\/index.php\/wp-json\/wp\/v2\/media\/3737"}],"wp:attachment":[{"href":"https:\/\/rubi.com.py\/index.php\/wp-json\/wp\/v2\/media?parent=3738"}],"wp:term":[{"taxonomy":"product_brand","embeddable":true,"href":"https:\/\/rubi.com.py\/index.php\/wp-json\/wp\/v2\/product_brand?post=3738"},{"taxonomy":"product_cat","embeddable":true,"href":"https:\/\/rubi.com.py\/index.php\/wp-json\/wp\/v2\/product_cat?post=3738"},{"taxonomy":"product_tag","embeddable":true,"href":"https:\/\/rubi.com.py\/index.php\/wp-json\/wp\/v2\/product_tag?post=3738"}],"curies":[{"name":"wp","href":"https:\/\/api.w.org\/{rel}","templated":true}]}}