{"id":3739,"date":"2026-04-18T22:22:06","date_gmt":"2026-04-18T20:22:06","guid":{"rendered":"https:\/\/rubi.com.py\/index.php\/producto\/bolso-termico-oxford-tipo-cartera-38-lts\/"},"modified":"2026-04-18T22:22:06","modified_gmt":"2026-04-18T20:22:06","slug":"bolso-termico-oxford-tipo-cartera-38-lts","status":"publish","type":"product","link":"https:\/\/rubi.com.py\/index.php\/producto\/bolso-termico-oxford-tipo-cartera-38-lts\/","title":{"rendered":"BOLSO T\u00c9RMICO OXFORD TIPO CARTERA 38 LTS."},"content":{"rendered":"<p>BOLSO T\u00c9RMICO OXFORD TIPO CARTERA 38 LTS. Caracter\u00edsticas: -Mochila enfriadora tipo cartera -Correa exterior ajustable y desmontable -Asas laterales de agarre r\u00e1pido -Material impermeable -Capacidad para 38 litros aprox -Medidas: 32x 59 x 20 cm -Con correa<\/p>\n","protected":false},"excerpt":{"rendered":"<p>BOLSO T\u00c9RMICO OXFORD TIPO CARTERA 38 LTS.<\/p>\n","protected":false},"featured_media":0,"comment_status":"open","ping_status":"closed","template":"","meta":{"_et_pb_use_builder":"","_et_pb_old_content":"","_et_gb_content_width":""},"product_brand":[],"product_cat":[46],"product_tag":[],"class_list":{"0":"post-3739","1":"product","2":"type-product","3":"status-publish","5":"product_cat-tecnologia","7":"first","8":"instock","9":"shipping-taxable","10":"purchasable","11":"product-type-simple"},"_links":{"self":[{"href":"https:\/\/rubi.com.py\/index.php\/wp-json\/wp\/v2\/product\/3739","targetHints":{"allow":["GET"]}}],"collection":[{"href":"https:\/\/rubi.com.py\/index.php\/wp-json\/wp\/v2\/product"}],"about":[{"href":"https:\/\/rubi.com.py\/index.php\/wp-json\/wp\/v2\/types\/product"}],"replies":[{"embeddable":true,"href":"https:\/\/rubi.com.py\/index.php\/wp-json\/wp\/v2\/comments?post=3739"}],"wp:attachment":[{"href":"https:\/\/rubi.com.py\/index.php\/wp-json\/wp\/v2\/media?parent=3739"}],"wp:term":[{"taxonomy":"product_brand","embeddable":true,"href":"https:\/\/rubi.com.py\/index.php\/wp-json\/wp\/v2\/product_brand?post=3739"},{"taxonomy":"product_cat","embeddable":true,"href":"https:\/\/rubi.com.py\/index.php\/wp-json\/wp\/v2\/product_cat?post=3739"},{"taxonomy":"product_tag","embeddable":true,"href":"https:\/\/rubi.com.py\/index.php\/wp-json\/wp\/v2\/product_tag?post=3739"}],"curies":[{"name":"wp","href":"https:\/\/api.w.org\/{rel}","templated":true}]}}