{"id":374,"date":"2025-09-17T22:16:26","date_gmt":"2025-09-17T20:16:26","guid":{"rendered":"https:\/\/rubi.com.py\/index.php\/producto\/parlante-sony-mhc-v02-usb-cd-radio-fm-bl\/"},"modified":"2026-04-20T22:00:27","modified_gmt":"2026-04-20T20:00:27","slug":"parlante-sony-mhc-v02-usb-cd-radio-fm-bl","status":"publish","type":"product","link":"https:\/\/rubi.com.py\/index.php\/producto\/parlante-sony-mhc-v02-usb-cd-radio-fm-bl\/","title":{"rendered":"PARLANTE SONY MHC-V02 USB CD RADIO FM BL"},"content":{"rendered":"<p>* Aplicaciones para smartphones compatibles Sony Music Center y Fiestable. * Salida de carga de puerto USB. * Asa de transporte posterior. * Peso (en kg) (aprox.) 6 kg. * Ecualizador de m\u00fasica. * Woofer 18 cm x 1. * Tweeter 4 x 2 cm. * Atenuador de voz. * Grabaci\u00f3n USB. * Bluetooth\u00ae. * Banda FM. Im\u00e1genes meramente ilustrativas. Im\u00e1genes e informaci\u00f3n sujetas a cambios sin previo aviso. Detalles t\u00e9cnicos: \u2022 COLOR: NEGRO COLOR \u2022 ANCHO: 50 CM \u2022 ALTO: 28,1 CM \u2022 LARGO: 30,6 CM \u2022 PESO: 6000 GR<\/p>\n","protected":false},"excerpt":{"rendered":"<p>* Aplicaciones para smartphones compatibles Sony Music Center y Fiestable. * Salida de carga de puerto USB. * Asa de transporte posterior. * Peso (en kg) (aprox.) 6 kg. * Ecualizador de m\u00fasica. * Woofer 18 cm x 1. * Tweeter 4 x 2 cm. * Atenuador de voz. * Grabaci\u00f3n USB. * Bluetooth\u00ae. * Banda FM. Im\u00e1genes meramente ilustrativas. Im\u00e1genes e informaci\u00f3n sujetas a cambios sin previo aviso.<\/p>\n","protected":false},"featured_media":4580,"comment_status":"open","ping_status":"closed","template":"","meta":{"_et_pb_use_builder":"","_et_pb_old_content":"","_et_gb_content_width":""},"product_brand":[],"product_cat":[46],"product_tag":[],"class_list":{"0":"post-374","1":"product","2":"type-product","3":"status-publish","4":"has-post-thumbnail","6":"product_cat-tecnologia","8":"first","9":"instock","10":"shipping-taxable","11":"purchasable","12":"product-type-simple"},"_links":{"self":[{"href":"https:\/\/rubi.com.py\/index.php\/wp-json\/wp\/v2\/product\/374","targetHints":{"allow":["GET"]}}],"collection":[{"href":"https:\/\/rubi.com.py\/index.php\/wp-json\/wp\/v2\/product"}],"about":[{"href":"https:\/\/rubi.com.py\/index.php\/wp-json\/wp\/v2\/types\/product"}],"replies":[{"embeddable":true,"href":"https:\/\/rubi.com.py\/index.php\/wp-json\/wp\/v2\/comments?post=374"}],"wp:featuredmedia":[{"embeddable":true,"href":"https:\/\/rubi.com.py\/index.php\/wp-json\/wp\/v2\/media\/4580"}],"wp:attachment":[{"href":"https:\/\/rubi.com.py\/index.php\/wp-json\/wp\/v2\/media?parent=374"}],"wp:term":[{"taxonomy":"product_brand","embeddable":true,"href":"https:\/\/rubi.com.py\/index.php\/wp-json\/wp\/v2\/product_brand?post=374"},{"taxonomy":"product_cat","embeddable":true,"href":"https:\/\/rubi.com.py\/index.php\/wp-json\/wp\/v2\/product_cat?post=374"},{"taxonomy":"product_tag","embeddable":true,"href":"https:\/\/rubi.com.py\/index.php\/wp-json\/wp\/v2\/product_tag?post=374"}],"curies":[{"name":"wp","href":"https:\/\/api.w.org\/{rel}","templated":true}]}}