{"id":3743,"date":"2026-04-18T22:22:50","date_gmt":"2026-04-18T20:22:50","guid":{"rendered":"https:\/\/rubi.com.py\/index.php\/producto\/ventilador-de-mesa-portatil-a-bateria-recarg-naranja-10\/"},"modified":"2026-04-18T22:22:50","modified_gmt":"2026-04-18T20:22:50","slug":"ventilador-de-mesa-portatil-a-bateria-recarg-naranja-10","status":"publish","type":"product","link":"https:\/\/rubi.com.py\/index.php\/producto\/ventilador-de-mesa-portatil-a-bateria-recarg-naranja-10\/","title":{"rendered":"VENTILADOR DE MESA PORT\u00c1TIL A BATER\u00cdA RECARG. NARANJA. 10&#8243;"},"content":{"rendered":"<p>VENTILADOR DE MESA PORT\u00c1TIL A BATER\u00cdA RECARG. NARANJA. 10&#8243; Caracter\u00edsticas: -Ventilador de escritorio port\u00e1til y miniatura -Cuenta con una bater\u00eda de 1200 mAh -Motor sin escobillas -Uso vers\u00e1til en aulas, oficinas, hoteles y exteriores. -Ofrece tres velocidades de viento -Recargabilidad por USB y un dise\u00f1o compacto (20&#215;9,6&#215;25,5 cm) -Hecho de pl\u00e1stico de alta calidad, asegura durabilidad y es adecuado tanto para -Uso dom\u00e9stico como comercial.<\/p>\n","protected":false},"excerpt":{"rendered":"<p>VENTILADOR DE MESA PORT\u00c1TIL A BATER\u00cdA RECARG. NARANJA. 10&#8243;<\/p>\n","protected":false},"featured_media":3742,"comment_status":"open","ping_status":"closed","template":"","meta":{"_et_pb_use_builder":"","_et_pb_old_content":"","_et_gb_content_width":""},"product_brand":[],"product_cat":[46],"product_tag":[],"class_list":{"0":"post-3743","1":"product","2":"type-product","3":"status-publish","4":"has-post-thumbnail","6":"product_cat-tecnologia","8":"first","9":"instock","10":"shipping-taxable","11":"purchasable","12":"product-type-simple"},"_links":{"self":[{"href":"https:\/\/rubi.com.py\/index.php\/wp-json\/wp\/v2\/product\/3743","targetHints":{"allow":["GET"]}}],"collection":[{"href":"https:\/\/rubi.com.py\/index.php\/wp-json\/wp\/v2\/product"}],"about":[{"href":"https:\/\/rubi.com.py\/index.php\/wp-json\/wp\/v2\/types\/product"}],"replies":[{"embeddable":true,"href":"https:\/\/rubi.com.py\/index.php\/wp-json\/wp\/v2\/comments?post=3743"}],"wp:featuredmedia":[{"embeddable":true,"href":"https:\/\/rubi.com.py\/index.php\/wp-json\/wp\/v2\/media\/3742"}],"wp:attachment":[{"href":"https:\/\/rubi.com.py\/index.php\/wp-json\/wp\/v2\/media?parent=3743"}],"wp:term":[{"taxonomy":"product_brand","embeddable":true,"href":"https:\/\/rubi.com.py\/index.php\/wp-json\/wp\/v2\/product_brand?post=3743"},{"taxonomy":"product_cat","embeddable":true,"href":"https:\/\/rubi.com.py\/index.php\/wp-json\/wp\/v2\/product_cat?post=3743"},{"taxonomy":"product_tag","embeddable":true,"href":"https:\/\/rubi.com.py\/index.php\/wp-json\/wp\/v2\/product_tag?post=3743"}],"curies":[{"name":"wp","href":"https:\/\/api.w.org\/{rel}","templated":true}]}}