{"id":3752,"date":"2026-04-18T22:24:11","date_gmt":"2026-04-18T20:24:11","guid":{"rendered":"https:\/\/rubi.com.py\/index.php\/producto\/ventilador-de-mano-portatil-a-bateria-recarg-verde-4\/"},"modified":"2026-04-18T22:24:11","modified_gmt":"2026-04-18T20:24:11","slug":"ventilador-de-mano-portatil-a-bateria-recarg-verde-4","status":"publish","type":"product","link":"https:\/\/rubi.com.py\/index.php\/producto\/ventilador-de-mano-portatil-a-bateria-recarg-verde-4\/","title":{"rendered":"VENTILADOR DE MANO PORT\u00c1TIL A BATER\u00cdA RECARG. VERDE. 4&#8243;"},"content":{"rendered":"<p>VENTILADOR DE MANO PORT\u00c1TIL A BATER\u00cdA RECARG. VERDE. 4&#8243; Caracter\u00edsticas: -Material: pl\u00e1stico. -Entrada nominal: 5 V 1 A. Potencia nominal: 2 W. -Capacidad de la bater\u00eda: 1200 mAh. -Tama\u00f1o aproximado: 170 x 110 x 85 mm. -3 velocidades -A bater\u00eda -Cable USB tipo C<\/p>\n","protected":false},"excerpt":{"rendered":"<p>VENTILADOR DE MANO PORT\u00c1TIL A BATER\u00cdA RECARG. VERDE. 4&#8243;<\/p>\n","protected":false},"featured_media":3751,"comment_status":"open","ping_status":"closed","template":"","meta":{"_et_pb_use_builder":"","_et_pb_old_content":"","_et_gb_content_width":""},"product_brand":[],"product_cat":[46],"product_tag":[],"class_list":{"0":"post-3752","1":"product","2":"type-product","3":"status-publish","4":"has-post-thumbnail","6":"product_cat-tecnologia","8":"first","9":"instock","10":"shipping-taxable","11":"purchasable","12":"product-type-simple"},"_links":{"self":[{"href":"https:\/\/rubi.com.py\/index.php\/wp-json\/wp\/v2\/product\/3752","targetHints":{"allow":["GET"]}}],"collection":[{"href":"https:\/\/rubi.com.py\/index.php\/wp-json\/wp\/v2\/product"}],"about":[{"href":"https:\/\/rubi.com.py\/index.php\/wp-json\/wp\/v2\/types\/product"}],"replies":[{"embeddable":true,"href":"https:\/\/rubi.com.py\/index.php\/wp-json\/wp\/v2\/comments?post=3752"}],"wp:featuredmedia":[{"embeddable":true,"href":"https:\/\/rubi.com.py\/index.php\/wp-json\/wp\/v2\/media\/3751"}],"wp:attachment":[{"href":"https:\/\/rubi.com.py\/index.php\/wp-json\/wp\/v2\/media?parent=3752"}],"wp:term":[{"taxonomy":"product_brand","embeddable":true,"href":"https:\/\/rubi.com.py\/index.php\/wp-json\/wp\/v2\/product_brand?post=3752"},{"taxonomy":"product_cat","embeddable":true,"href":"https:\/\/rubi.com.py\/index.php\/wp-json\/wp\/v2\/product_cat?post=3752"},{"taxonomy":"product_tag","embeddable":true,"href":"https:\/\/rubi.com.py\/index.php\/wp-json\/wp\/v2\/product_tag?post=3752"}],"curies":[{"name":"wp","href":"https:\/\/api.w.org\/{rel}","templated":true}]}}