{"id":3754,"date":"2026-04-18T22:24:49","date_gmt":"2026-04-18T20:24:49","guid":{"rendered":"https:\/\/rubi.com.py\/index.php\/producto\/lancha-a-control-remoto-aquaracer-335-125-9-cm\/"},"modified":"2026-04-18T22:24:49","modified_gmt":"2026-04-18T20:24:49","slug":"lancha-a-control-remoto-aquaracer-335-125-9-cm","status":"publish","type":"product","link":"https:\/\/rubi.com.py\/index.php\/producto\/lancha-a-control-remoto-aquaracer-335-125-9-cm\/","title":{"rendered":"LANCHA A CONTROL REMOTO AQUARACER 33,5 * 12,5 * 9 cm"},"content":{"rendered":"<p>LANCHA A CONTROL REMOTO AQUARACER 33,5 * 12,5 * 9 cm Caracter\u00edsticas: -Frecuencia: 2,4G -N\u00famero de canales: 4 -Capacidad de la bater\u00eda: 3,7 V 1200 mAh -Estilo de apariencia: lancha r\u00e1pida -Tama\u00f1o del producto: 33,5 * 12,5 * 9 cm -Tiempo de carga de la bater\u00eda: 90 minutos -Bater\u00eda del control remoto: 2 * 1,5 AA (se debe comprar por separado) -Tipo de enchufe: USB -Modo de control remoto: acelerador izquierdo, direcci\u00f3n derecha -Distancia de control remoto: 80 ms -Resistencia: 30 minutos<\/p>\n","protected":false},"excerpt":{"rendered":"<p>LANCHA A CONTROL REMOTO AQUARACER 33,5 * 12,5 * 9 cm<\/p>\n","protected":false},"featured_media":0,"comment_status":"open","ping_status":"closed","template":"","meta":{"_et_pb_use_builder":"","_et_pb_old_content":"","_et_gb_content_width":""},"product_brand":[],"product_cat":[40],"product_tag":[],"class_list":{"0":"post-3754","1":"product","2":"type-product","3":"status-publish","5":"product_cat-juguetes-y-juegos","7":"first","8":"instock","9":"shipping-taxable","10":"purchasable","11":"product-type-simple"},"_links":{"self":[{"href":"https:\/\/rubi.com.py\/index.php\/wp-json\/wp\/v2\/product\/3754","targetHints":{"allow":["GET"]}}],"collection":[{"href":"https:\/\/rubi.com.py\/index.php\/wp-json\/wp\/v2\/product"}],"about":[{"href":"https:\/\/rubi.com.py\/index.php\/wp-json\/wp\/v2\/types\/product"}],"replies":[{"embeddable":true,"href":"https:\/\/rubi.com.py\/index.php\/wp-json\/wp\/v2\/comments?post=3754"}],"wp:attachment":[{"href":"https:\/\/rubi.com.py\/index.php\/wp-json\/wp\/v2\/media?parent=3754"}],"wp:term":[{"taxonomy":"product_brand","embeddable":true,"href":"https:\/\/rubi.com.py\/index.php\/wp-json\/wp\/v2\/product_brand?post=3754"},{"taxonomy":"product_cat","embeddable":true,"href":"https:\/\/rubi.com.py\/index.php\/wp-json\/wp\/v2\/product_cat?post=3754"},{"taxonomy":"product_tag","embeddable":true,"href":"https:\/\/rubi.com.py\/index.php\/wp-json\/wp\/v2\/product_tag?post=3754"}],"curies":[{"name":"wp","href":"https:\/\/api.w.org\/{rel}","templated":true}]}}