{"id":376,"date":"2025-09-17T22:16:33","date_gmt":"2025-09-17T20:16:33","guid":{"rendered":"https:\/\/rubi.com.py\/index.php\/producto\/parlante-portatil-philips-bt60bk94-negro-bt-radio-fm-3w\/"},"modified":"2026-04-20T22:00:12","modified_gmt":"2026-04-20T20:00:12","slug":"parlante-portatil-philips-bt60bk94-negro-bt-radio-fm-3w","status":"publish","type":"product","link":"https:\/\/rubi.com.py\/index.php\/producto\/parlante-portatil-philips-bt60bk94-negro-bt-radio-fm-3w\/","title":{"rendered":"PARLANTE PORTATIL PHILIPS BT60BK94 NEGRO, BT, RADIO FM, 3W"},"content":{"rendered":"<p>* Parlante inal\u00e1mbrico. * Dise\u00f1o compacto y port\u00e1til. * Sonido potente y excepcional. * Bluetooth 5. * Altavoz mono de 1,57. * Peso de 14 g. * Micro-USB. * Entrada de audio mini conector est\u00e9reo. * Micr\u00f3fono integrado. * Luz indicador de conexi\u00f3n. * Radio FM. * Botones para contestar llamada y controlar canci\u00f3n. * Incluye 1 correa de mano. Detalles t\u00e9cnicos: \u2022 ANCHO: 4 CM \u2022 ALTO: 11 CM \u2022 LARGO: 12,5 CM \u2022 PESO: 195 GR<\/p>\n","protected":false},"excerpt":{"rendered":"<p>* Parlante inal\u00e1mbrico. * Dise\u00f1o compacto y port\u00e1til. * Sonido potente y excepcional. * Bluetooth 5. * Altavoz mono de 1,57. * Peso de 14 g. * Micro-USB. * Entrada de audio mini conector est\u00e9reo. * Micr\u00f3fono integrado. * Luz indicador de conexi\u00f3n. * Radio FM. * Botones para contestar llamada y controlar canci\u00f3n. * Incluye 1 correa de mano.<\/p>\n","protected":false},"featured_media":4579,"comment_status":"open","ping_status":"closed","template":"","meta":{"_et_pb_use_builder":"","_et_pb_old_content":"","_et_gb_content_width":""},"product_brand":[],"product_cat":[46],"product_tag":[],"class_list":{"0":"post-376","1":"product","2":"type-product","3":"status-publish","4":"has-post-thumbnail","6":"product_cat-tecnologia","8":"first","9":"instock","10":"shipping-taxable","11":"purchasable","12":"product-type-simple"},"_links":{"self":[{"href":"https:\/\/rubi.com.py\/index.php\/wp-json\/wp\/v2\/product\/376","targetHints":{"allow":["GET"]}}],"collection":[{"href":"https:\/\/rubi.com.py\/index.php\/wp-json\/wp\/v2\/product"}],"about":[{"href":"https:\/\/rubi.com.py\/index.php\/wp-json\/wp\/v2\/types\/product"}],"replies":[{"embeddable":true,"href":"https:\/\/rubi.com.py\/index.php\/wp-json\/wp\/v2\/comments?post=376"}],"wp:featuredmedia":[{"embeddable":true,"href":"https:\/\/rubi.com.py\/index.php\/wp-json\/wp\/v2\/media\/4579"}],"wp:attachment":[{"href":"https:\/\/rubi.com.py\/index.php\/wp-json\/wp\/v2\/media?parent=376"}],"wp:term":[{"taxonomy":"product_brand","embeddable":true,"href":"https:\/\/rubi.com.py\/index.php\/wp-json\/wp\/v2\/product_brand?post=376"},{"taxonomy":"product_cat","embeddable":true,"href":"https:\/\/rubi.com.py\/index.php\/wp-json\/wp\/v2\/product_cat?post=376"},{"taxonomy":"product_tag","embeddable":true,"href":"https:\/\/rubi.com.py\/index.php\/wp-json\/wp\/v2\/product_tag?post=376"}],"curies":[{"name":"wp","href":"https:\/\/api.w.org\/{rel}","templated":true}]}}