{"id":3761,"date":"2026-04-18T22:26:36","date_gmt":"2026-04-18T20:26:36","guid":{"rendered":"https:\/\/rubi.com.py\/index.php\/producto\/arenero-con-orejas-p-gatos-abierto-crema\/"},"modified":"2026-04-18T22:27:55","modified_gmt":"2026-04-18T20:27:55","slug":"arenero-con-orejas-p-gatos-abierto-crema","status":"publish","type":"product","link":"https:\/\/rubi.com.py\/index.php\/producto\/arenero-con-orejas-p-gatos-abierto-crema\/","title":{"rendered":"ARENERO CON OREJAS P\/ GATOS (ABIERTO) CREMA"},"content":{"rendered":"<p>ARENERO CON OREJAS P\/ GATOS (ABIERTO) CREMA Caracter\u00edsticas: -Bandeja con borde alrededor -Incluye pala sanitaria -Medidas: 50x35x19cm -Peso 800g -Dise\u00f1o semicerrado que reduce salpicaduras y olores -Material resistente y f\u00e1cil de limpiar<\/p>\n","protected":false},"excerpt":{"rendered":"<p>ARENERO CON OREJAS P\/ GATOS (ABIERTO) CREMA<\/p>\n","protected":false},"featured_media":3765,"comment_status":"open","ping_status":"closed","template":"","meta":{"_et_pb_use_builder":"","_et_pb_old_content":"","_et_gb_content_width":""},"product_brand":[],"product_cat":[38],"product_tag":[],"class_list":{"0":"post-3761","1":"product","2":"type-product","3":"status-publish","4":"has-post-thumbnail","6":"product_cat-hogar-y-limpieza","8":"first","9":"instock","10":"shipping-taxable","11":"purchasable","12":"product-type-simple"},"_links":{"self":[{"href":"https:\/\/rubi.com.py\/index.php\/wp-json\/wp\/v2\/product\/3761","targetHints":{"allow":["GET"]}}],"collection":[{"href":"https:\/\/rubi.com.py\/index.php\/wp-json\/wp\/v2\/product"}],"about":[{"href":"https:\/\/rubi.com.py\/index.php\/wp-json\/wp\/v2\/types\/product"}],"replies":[{"embeddable":true,"href":"https:\/\/rubi.com.py\/index.php\/wp-json\/wp\/v2\/comments?post=3761"}],"wp:featuredmedia":[{"embeddable":true,"href":"https:\/\/rubi.com.py\/index.php\/wp-json\/wp\/v2\/media\/3765"}],"wp:attachment":[{"href":"https:\/\/rubi.com.py\/index.php\/wp-json\/wp\/v2\/media?parent=3761"}],"wp:term":[{"taxonomy":"product_brand","embeddable":true,"href":"https:\/\/rubi.com.py\/index.php\/wp-json\/wp\/v2\/product_brand?post=3761"},{"taxonomy":"product_cat","embeddable":true,"href":"https:\/\/rubi.com.py\/index.php\/wp-json\/wp\/v2\/product_cat?post=3761"},{"taxonomy":"product_tag","embeddable":true,"href":"https:\/\/rubi.com.py\/index.php\/wp-json\/wp\/v2\/product_tag?post=3761"}],"curies":[{"name":"wp","href":"https:\/\/api.w.org\/{rel}","templated":true}]}}