{"id":378,"date":"2025-09-17T22:16:41","date_gmt":"2025-09-17T20:16:41","guid":{"rendered":"https:\/\/rubi.com.py\/index.php\/producto\/parlante-jvc-xs-ky4113b\/"},"modified":"2026-04-20T21:59:56","modified_gmt":"2026-04-20T19:59:56","slug":"parlante-jvc-xs-ky4113b","status":"publish","type":"product","link":"https:\/\/rubi.com.py\/index.php\/producto\/parlante-jvc-xs-ky4113b\/","title":{"rendered":"PARLANTE JVC XS-KY4113B"},"content":{"rendered":"<p>* Salida de altavoz 30W RMS. * Bater\u00eda 7,4 V 2500 mAh. * Entrada auxiliar 3,5 mm. * Entrada Micro SD. * Entrada USB. * Bluetooth. Im\u00e1genes meramente ilustrativas. Im\u00e1genes e informaci\u00f3n sujetas a cambios sin previo aviso. Detalles t\u00e9cnicos: \u2022 ANCHO: 19 CM \u2022 ALTO: 7 CM \u2022 LARGO: 7 CM \u2022 PESO: 735 GR<\/p>\n","protected":false},"excerpt":{"rendered":"<p>* Salida de altavoz 30W RMS. * Bater\u00eda 7,4 V 2500 mAh. * Entrada auxiliar 3,5 mm. * Entrada Micro SD. * Entrada USB. * Bluetooth. Im\u00e1genes meramente ilustrativas. Im\u00e1genes e informaci\u00f3n sujetas a cambios sin previo aviso.<\/p>\n","protected":false},"featured_media":4578,"comment_status":"open","ping_status":"closed","template":"","meta":{"_et_pb_use_builder":"","_et_pb_old_content":"","_et_gb_content_width":""},"product_brand":[],"product_cat":[46],"product_tag":[],"class_list":{"0":"post-378","1":"product","2":"type-product","3":"status-publish","4":"has-post-thumbnail","6":"product_cat-tecnologia","8":"first","9":"instock","10":"shipping-taxable","11":"purchasable","12":"product-type-simple"},"_links":{"self":[{"href":"https:\/\/rubi.com.py\/index.php\/wp-json\/wp\/v2\/product\/378","targetHints":{"allow":["GET"]}}],"collection":[{"href":"https:\/\/rubi.com.py\/index.php\/wp-json\/wp\/v2\/product"}],"about":[{"href":"https:\/\/rubi.com.py\/index.php\/wp-json\/wp\/v2\/types\/product"}],"replies":[{"embeddable":true,"href":"https:\/\/rubi.com.py\/index.php\/wp-json\/wp\/v2\/comments?post=378"}],"wp:featuredmedia":[{"embeddable":true,"href":"https:\/\/rubi.com.py\/index.php\/wp-json\/wp\/v2\/media\/4578"}],"wp:attachment":[{"href":"https:\/\/rubi.com.py\/index.php\/wp-json\/wp\/v2\/media?parent=378"}],"wp:term":[{"taxonomy":"product_brand","embeddable":true,"href":"https:\/\/rubi.com.py\/index.php\/wp-json\/wp\/v2\/product_brand?post=378"},{"taxonomy":"product_cat","embeddable":true,"href":"https:\/\/rubi.com.py\/index.php\/wp-json\/wp\/v2\/product_cat?post=378"},{"taxonomy":"product_tag","embeddable":true,"href":"https:\/\/rubi.com.py\/index.php\/wp-json\/wp\/v2\/product_tag?post=378"}],"curies":[{"name":"wp","href":"https:\/\/api.w.org\/{rel}","templated":true}]}}