{"id":3856,"date":"2026-04-19T20:28:19","date_gmt":"2026-04-19T18:28:19","guid":{"rendered":"https:\/\/rubi.com.py\/index.php\/producto\/freidora-electrica-metvisa-fie-23lts-aceite-y-15lts-agua-8000w\/"},"modified":"2026-04-19T20:29:17","modified_gmt":"2026-04-19T18:29:17","slug":"freidora-electrica-metvisa-fie-23lts-aceite-y-15lts-agua-8000w","status":"publish","type":"product","link":"https:\/\/rubi.com.py\/index.php\/producto\/freidora-electrica-metvisa-fie-23lts-aceite-y-15lts-agua-8000w\/","title":{"rendered":"FREIDORA ELECTRICA METVISA-FIE 23LTS ACEITE Y 15LTS AGUA 8000W"},"content":{"rendered":"<p>* Fre\u00edr diversos productos usando un sistema de agua y aceite. * Incluye dos resistencias el\u00e9ctricas. * Potencia 8000 W. * Peso 15.400 kg. CAPACIDAD * 1 kg. De sal gruesa. * 23 litros de aceite. * 15 litros de agua. MEDIDAS DEL PRODUCTO * Altura 1100 mm. * Ancho 1020 mm. * Profundidad 465 mm. Im\u00e1genes meramente ilustrativas. Im\u00e1genes e informaci\u00f3n sujetas a cambios sin previo aviso. Detalles t\u00e9cnicos: \u2022 ELECTRICO: 1 Unidades \u2022 ANCHO: 50 CM \u2022 ALTO: 60 CM \u2022 LARGO: 54 CM \u2022 PESO: 17600 GR<\/p>\n","protected":false},"excerpt":{"rendered":"<p>* Fre\u00edr diversos productos usando un sistema de agua y aceite. * Incluye dos resistencias el\u00e9ctricas. * Potencia 8000 W. * Peso 15.400 kg. CAPACIDAD * 1 kg. De sal gruesa. * 23 litros de aceite. * 15 litros de agua. MEDIDAS DEL PRODUCTO * Altura 1100 mm. * Ancho 1020 mm. * Profundidad 465 mm. Im\u00e1genes meramente ilustrativas. Im\u00e1genes e informaci\u00f3n sujetas a cambios sin previo aviso.<\/p>\n","protected":false},"featured_media":3857,"comment_status":"open","ping_status":"closed","template":"","meta":{"_et_pb_use_builder":"","_et_pb_old_content":"","_et_gb_content_width":""},"product_brand":[],"product_cat":[33],"product_tag":[],"class_list":{"0":"post-3856","1":"product","2":"type-product","3":"status-publish","4":"has-post-thumbnail","6":"product_cat-cocina-y-comedor","8":"first","9":"instock","10":"shipping-taxable","11":"purchasable","12":"product-type-simple"},"_links":{"self":[{"href":"https:\/\/rubi.com.py\/index.php\/wp-json\/wp\/v2\/product\/3856","targetHints":{"allow":["GET"]}}],"collection":[{"href":"https:\/\/rubi.com.py\/index.php\/wp-json\/wp\/v2\/product"}],"about":[{"href":"https:\/\/rubi.com.py\/index.php\/wp-json\/wp\/v2\/types\/product"}],"replies":[{"embeddable":true,"href":"https:\/\/rubi.com.py\/index.php\/wp-json\/wp\/v2\/comments?post=3856"}],"wp:featuredmedia":[{"embeddable":true,"href":"https:\/\/rubi.com.py\/index.php\/wp-json\/wp\/v2\/media\/3857"}],"wp:attachment":[{"href":"https:\/\/rubi.com.py\/index.php\/wp-json\/wp\/v2\/media?parent=3856"}],"wp:term":[{"taxonomy":"product_brand","embeddable":true,"href":"https:\/\/rubi.com.py\/index.php\/wp-json\/wp\/v2\/product_brand?post=3856"},{"taxonomy":"product_cat","embeddable":true,"href":"https:\/\/rubi.com.py\/index.php\/wp-json\/wp\/v2\/product_cat?post=3856"},{"taxonomy":"product_tag","embeddable":true,"href":"https:\/\/rubi.com.py\/index.php\/wp-json\/wp\/v2\/product_tag?post=3856"}],"curies":[{"name":"wp","href":"https:\/\/api.w.org\/{rel}","templated":true}]}}