{"id":3861,"date":"2026-04-19T20:30:07","date_gmt":"2026-04-19T18:30:07","guid":{"rendered":"https:\/\/rubi.com.py\/index.php\/producto\/licuadora-ind-metvisa-2-litros-con-vaso-de-policarbonato-y-tapa-insonora-1500w\/"},"modified":"2026-04-19T20:30:07","modified_gmt":"2026-04-19T18:30:07","slug":"licuadora-ind-metvisa-2-litros-con-vaso-de-policarbonato-y-tapa-insonora-1500w","status":"publish","type":"product","link":"https:\/\/rubi.com.py\/index.php\/producto\/licuadora-ind-metvisa-2-litros-con-vaso-de-policarbonato-y-tapa-insonora-1500w\/","title":{"rendered":"LICUADORA IND METVISA 2 LITROS CON VASO DE POLICARBONATO Y TAPA INSONORA 1500W"},"content":{"rendered":"<p>* Copa de policarbonato de alta resistencia. * Material de la hoja acero inoxidable. * Consumo de energ\u00eda 2.0, Kw-h. * Batidora liquidificador. * Rotaci\u00f3n 25.000 RPM. * Cubierta de pl\u00e1stico. * Capacidad 2 Litros. * Peso neto 6.4 Kg. * Motor 2.000 W. * Velocidad 9. Im\u00e1genes meramente ilustrativas. Im\u00e1genes e informaci\u00f3n sujetas a cambios sin previo aviso. Detalles t\u00e9cnicos: \u2022 ANCHO: 21,9 CM \u2022 ALTO: 50,8 CM \u2022 LARGO: 24 CM \u2022 PESO: 4300 GR<\/p>\n","protected":false},"excerpt":{"rendered":"<p>* Copa de policarbonato de alta resistencia. * Material de la hoja acero inoxidable. * Consumo de energ\u00eda 2.0, Kw-h. * Batidora liquidificador. * Rotaci\u00f3n 25.000 RPM. * Cubierta de pl\u00e1stico. * Capacidad 2 Litros. * Peso neto 6.4 Kg. * Motor 2.000 W. * Velocidad 9. Im\u00e1genes meramente ilustrativas. Im\u00e1genes e informaci\u00f3n sujetas a cambios sin previo aviso.<\/p>\n","protected":false},"featured_media":3860,"comment_status":"open","ping_status":"closed","template":"","meta":{"_et_pb_use_builder":"","_et_pb_old_content":"","_et_gb_content_width":""},"product_brand":[],"product_cat":[33,39],"product_tag":[],"class_list":{"0":"post-3861","1":"product","2":"type-product","3":"status-publish","4":"has-post-thumbnail","6":"product_cat-cocina-y-comedor","7":"product_cat-industria-comercio-y-campo","9":"first","10":"instock","11":"shipping-taxable","12":"purchasable","13":"product-type-simple"},"_links":{"self":[{"href":"https:\/\/rubi.com.py\/index.php\/wp-json\/wp\/v2\/product\/3861","targetHints":{"allow":["GET"]}}],"collection":[{"href":"https:\/\/rubi.com.py\/index.php\/wp-json\/wp\/v2\/product"}],"about":[{"href":"https:\/\/rubi.com.py\/index.php\/wp-json\/wp\/v2\/types\/product"}],"replies":[{"embeddable":true,"href":"https:\/\/rubi.com.py\/index.php\/wp-json\/wp\/v2\/comments?post=3861"}],"wp:featuredmedia":[{"embeddable":true,"href":"https:\/\/rubi.com.py\/index.php\/wp-json\/wp\/v2\/media\/3860"}],"wp:attachment":[{"href":"https:\/\/rubi.com.py\/index.php\/wp-json\/wp\/v2\/media?parent=3861"}],"wp:term":[{"taxonomy":"product_brand","embeddable":true,"href":"https:\/\/rubi.com.py\/index.php\/wp-json\/wp\/v2\/product_brand?post=3861"},{"taxonomy":"product_cat","embeddable":true,"href":"https:\/\/rubi.com.py\/index.php\/wp-json\/wp\/v2\/product_cat?post=3861"},{"taxonomy":"product_tag","embeddable":true,"href":"https:\/\/rubi.com.py\/index.php\/wp-json\/wp\/v2\/product_tag?post=3861"}],"curies":[{"name":"wp","href":"https:\/\/api.w.org\/{rel}","templated":true}]}}