{"id":3863,"date":"2026-04-19T20:30:31","date_gmt":"2026-04-19T18:30:31","guid":{"rendered":"https:\/\/rubi.com.py\/index.php\/producto\/licuadora-industrial-metvisa-mod-lql10-3-4hp\/"},"modified":"2026-04-19T20:30:31","modified_gmt":"2026-04-19T18:30:31","slug":"licuadora-industrial-metvisa-mod-lql10-3-4hp","status":"publish","type":"product","link":"https:\/\/rubi.com.py\/index.php\/producto\/licuadora-industrial-metvisa-mod-lql10-3-4hp\/","title":{"rendered":"LICUADORA INDUSTRIAL METVISA MOD LQL10 3\/4HP"},"content":{"rendered":"<p>* Exterior en acero inoxidable. * Bajo consumo de energ\u00eda. * Pies estabilizadores. * Capacidad 8 lts. Im\u00e1genes meramente ilustrativas. Im\u00e1genes e informaci\u00f3n sujetas a cambios sin previo aviso. Detalles t\u00e9cnicos: \u2022 CAPACIDAD: 10 Litros \u2022 ANCHO: 26 CM \u2022 ALTO: 54,5 CM \u2022 LARGO: 43,5 CM \u2022 PESO: 1 GR<\/p>\n","protected":false},"excerpt":{"rendered":"<p>* Exterior en acero inoxidable. * Bajo consumo de energ\u00eda. * Pies estabilizadores. * Capacidad 8 lts. Im\u00e1genes meramente ilustrativas. Im\u00e1genes e informaci\u00f3n sujetas a cambios sin previo aviso.<\/p>\n","protected":false},"featured_media":3862,"comment_status":"open","ping_status":"closed","template":"","meta":{"_et_pb_use_builder":"","_et_pb_old_content":"","_et_gb_content_width":""},"product_brand":[],"product_cat":[33,39],"product_tag":[],"class_list":{"0":"post-3863","1":"product","2":"type-product","3":"status-publish","4":"has-post-thumbnail","6":"product_cat-cocina-y-comedor","7":"product_cat-industria-comercio-y-campo","9":"first","10":"instock","11":"shipping-taxable","12":"purchasable","13":"product-type-simple"},"_links":{"self":[{"href":"https:\/\/rubi.com.py\/index.php\/wp-json\/wp\/v2\/product\/3863","targetHints":{"allow":["GET"]}}],"collection":[{"href":"https:\/\/rubi.com.py\/index.php\/wp-json\/wp\/v2\/product"}],"about":[{"href":"https:\/\/rubi.com.py\/index.php\/wp-json\/wp\/v2\/types\/product"}],"replies":[{"embeddable":true,"href":"https:\/\/rubi.com.py\/index.php\/wp-json\/wp\/v2\/comments?post=3863"}],"wp:featuredmedia":[{"embeddable":true,"href":"https:\/\/rubi.com.py\/index.php\/wp-json\/wp\/v2\/media\/3862"}],"wp:attachment":[{"href":"https:\/\/rubi.com.py\/index.php\/wp-json\/wp\/v2\/media?parent=3863"}],"wp:term":[{"taxonomy":"product_brand","embeddable":true,"href":"https:\/\/rubi.com.py\/index.php\/wp-json\/wp\/v2\/product_brand?post=3863"},{"taxonomy":"product_cat","embeddable":true,"href":"https:\/\/rubi.com.py\/index.php\/wp-json\/wp\/v2\/product_cat?post=3863"},{"taxonomy":"product_tag","embeddable":true,"href":"https:\/\/rubi.com.py\/index.php\/wp-json\/wp\/v2\/product_tag?post=3863"}],"curies":[{"name":"wp","href":"https:\/\/api.w.org\/{rel}","templated":true}]}}