{"id":3865,"date":"2026-04-19T20:30:57","date_gmt":"2026-04-19T18:30:57","guid":{"rendered":"https:\/\/rubi.com.py\/index.php\/producto\/sierra-cortadora-de-carne-y-hueso-metvisa-mod-sfmp-max-1hp\/"},"modified":"2026-04-19T20:32:01","modified_gmt":"2026-04-19T18:32:01","slug":"sierra-cortadora-de-carne-y-hueso-metvisa-mod-sfmp-max-1hp","status":"publish","type":"product","link":"https:\/\/rubi.com.py\/index.php\/producto\/sierra-cortadora-de-carne-y-hueso-metvisa-mod-sfmp-max-1hp\/","title":{"rendered":"SIERRA CORTADORA DE CARNE Y HUESO METVISA MOD SFMP MAX 1HP"},"content":{"rendered":"<p>* Serrar carnes, pollos, pescados y afines. * Rotaci\u00f3n del volante 380 rpm. * Frecuencia 220 V &#8211; 50 Hz. * Largo de la cinta 2180 mm. * Ancho de trabajo 265 mm. * Altura de trabajo 300 mm. * Consumo 0,73 KW-H. * Mesa 600&#215;560 mm. * Potencia 1 HP. * Peso 61 kg. * RPM 1730. MEDIDAS DEL PRODUCTO * Altura 1560 mm. * Ancho 670 mm. * Profundidad 690 mm. Im\u00e1genes meramente ilustrativas. Im\u00e1genes e informaci\u00f3n sujetas a cambios sin previo aviso. Detalles t\u00e9cnicos: \u2022 ACERO INOXIDABLE: Mesada Unidades \u2022 ANCHO: 75 CM \u2022 ALTO: 164 CM \u2022 LARGO: 80 CM \u2022 PESO: 83000 GR<\/p>\n","protected":false},"excerpt":{"rendered":"<p>* Serrar carnes, pollos, pescados y afines. * Rotaci\u00f3n del volante 380 rpm. * Frecuencia 220 V &#8211; 50 Hz. * Largo de la cinta 2180 mm. * Ancho de trabajo 265 mm. * Altura de trabajo 300 mm. * Consumo 0,73 KW-H. * Mesa 600&#215;560 mm. * Potencia 1 HP. * Peso 61 kg. * RPM 1730. MEDIDAS DEL PRODUCTO * Altura 1560 mm. * Ancho 670 mm. * Profundidad 690 mm. Im\u00e1genes meramente ilustrativas. Im\u00e1genes e informaci\u00f3n sujetas a cambios sin previo aviso.<\/p>\n","protected":false},"featured_media":3868,"comment_status":"open","ping_status":"closed","template":"","meta":{"_et_pb_use_builder":"","_et_pb_old_content":"","_et_gb_content_width":""},"product_brand":[],"product_cat":[33,39],"product_tag":[],"class_list":{"0":"post-3865","1":"product","2":"type-product","3":"status-publish","4":"has-post-thumbnail","6":"product_cat-cocina-y-comedor","7":"product_cat-industria-comercio-y-campo","9":"first","10":"instock","11":"shipping-taxable","12":"purchasable","13":"product-type-simple"},"_links":{"self":[{"href":"https:\/\/rubi.com.py\/index.php\/wp-json\/wp\/v2\/product\/3865","targetHints":{"allow":["GET"]}}],"collection":[{"href":"https:\/\/rubi.com.py\/index.php\/wp-json\/wp\/v2\/product"}],"about":[{"href":"https:\/\/rubi.com.py\/index.php\/wp-json\/wp\/v2\/types\/product"}],"replies":[{"embeddable":true,"href":"https:\/\/rubi.com.py\/index.php\/wp-json\/wp\/v2\/comments?post=3865"}],"wp:featuredmedia":[{"embeddable":true,"href":"https:\/\/rubi.com.py\/index.php\/wp-json\/wp\/v2\/media\/3868"}],"wp:attachment":[{"href":"https:\/\/rubi.com.py\/index.php\/wp-json\/wp\/v2\/media?parent=3865"}],"wp:term":[{"taxonomy":"product_brand","embeddable":true,"href":"https:\/\/rubi.com.py\/index.php\/wp-json\/wp\/v2\/product_brand?post=3865"},{"taxonomy":"product_cat","embeddable":true,"href":"https:\/\/rubi.com.py\/index.php\/wp-json\/wp\/v2\/product_cat?post=3865"},{"taxonomy":"product_tag","embeddable":true,"href":"https:\/\/rubi.com.py\/index.php\/wp-json\/wp\/v2\/product_tag?post=3865"}],"curies":[{"name":"wp","href":"https:\/\/api.w.org\/{rel}","templated":true}]}}