{"id":3873,"date":"2026-04-19T20:35:02","date_gmt":"2026-04-19T18:35:02","guid":{"rendered":"https:\/\/rubi.com.py\/index.php\/producto\/vitrina-ecosilkon-curva-externa-cecwbss-autoservicio-neutra-esquinera\/"},"modified":"2026-04-19T20:35:02","modified_gmt":"2026-04-19T18:35:02","slug":"vitrina-ecosilkon-curva-externa-cecwbss-autoservicio-neutra-esquinera","status":"publish","type":"product","link":"https:\/\/rubi.com.py\/index.php\/producto\/vitrina-ecosilkon-curva-externa-cecwbss-autoservicio-neutra-esquinera\/","title":{"rendered":"VITRINA ECOSILKON CURVA EXTERNA CECWBSS AUTOSERVICIO NEUTRA ESQUINERA"},"content":{"rendered":"<p>* Vitrina curva externa para confiter\u00eda Wood Box Sel Service. * Cuerpo en MDF laminado de 15 min. * Exposici\u00f3n de productos neutros. * Estantes den MDF con vidrio. * Puertas con espejo simple. * Temperatura ambiente. * Patas regulables. * Iluminaci\u00f3n LED. Im\u00e1genes meramente ilustrativas. Im\u00e1genes e informaci\u00f3n sujetas a cambios sin previo aviso. Detalles t\u00e9cnicos: \u2022 ANCHO: 98 CM \u2022 ALTO: 148 CM \u2022 LARGO: 152 CM \u2022 PESO: 0 GR<\/p>\n","protected":false},"excerpt":{"rendered":"<p>* Vitrina curva externa para confiter\u00eda Wood Box Sel Service. * Cuerpo en MDF laminado de 15 min. * Exposici\u00f3n de productos neutros. * Estantes den MDF con vidrio. * Puertas con espejo simple. * Temperatura ambiente. * Patas regulables. * Iluminaci\u00f3n LED. Im\u00e1genes meramente ilustrativas. Im\u00e1genes e informaci\u00f3n sujetas a cambios sin previo aviso.<\/p>\n","protected":false},"featured_media":3872,"comment_status":"open","ping_status":"closed","template":"","meta":{"_et_pb_use_builder":"","_et_pb_old_content":"","_et_gb_content_width":""},"product_brand":[],"product_cat":[33,39],"product_tag":[],"class_list":{"0":"post-3873","1":"product","2":"type-product","3":"status-publish","4":"has-post-thumbnail","6":"product_cat-cocina-y-comedor","7":"product_cat-industria-comercio-y-campo","9":"first","10":"instock","11":"shipping-taxable","12":"purchasable","13":"product-type-simple"},"_links":{"self":[{"href":"https:\/\/rubi.com.py\/index.php\/wp-json\/wp\/v2\/product\/3873","targetHints":{"allow":["GET"]}}],"collection":[{"href":"https:\/\/rubi.com.py\/index.php\/wp-json\/wp\/v2\/product"}],"about":[{"href":"https:\/\/rubi.com.py\/index.php\/wp-json\/wp\/v2\/types\/product"}],"replies":[{"embeddable":true,"href":"https:\/\/rubi.com.py\/index.php\/wp-json\/wp\/v2\/comments?post=3873"}],"wp:featuredmedia":[{"embeddable":true,"href":"https:\/\/rubi.com.py\/index.php\/wp-json\/wp\/v2\/media\/3872"}],"wp:attachment":[{"href":"https:\/\/rubi.com.py\/index.php\/wp-json\/wp\/v2\/media?parent=3873"}],"wp:term":[{"taxonomy":"product_brand","embeddable":true,"href":"https:\/\/rubi.com.py\/index.php\/wp-json\/wp\/v2\/product_brand?post=3873"},{"taxonomy":"product_cat","embeddable":true,"href":"https:\/\/rubi.com.py\/index.php\/wp-json\/wp\/v2\/product_cat?post=3873"},{"taxonomy":"product_tag","embeddable":true,"href":"https:\/\/rubi.com.py\/index.php\/wp-json\/wp\/v2\/product_tag?post=3873"}],"curies":[{"name":"wp","href":"https:\/\/api.w.org\/{rel}","templated":true}]}}