{"id":3875,"date":"2026-04-19T20:35:21","date_gmt":"2026-04-19T18:35:21","guid":{"rendered":"https:\/\/rubi.com.py\/index.php\/producto\/vitrina-neutra-ecosilkon-md-mvnp-140t-140az-1-4m-self-servic-canastos-inclinados\/"},"modified":"2026-04-19T20:35:21","modified_gmt":"2026-04-19T18:35:21","slug":"vitrina-neutra-ecosilkon-md-mvnp-140t-140az-1-4m-self-servic-canastos-inclinados","status":"publish","type":"product","link":"https:\/\/rubi.com.py\/index.php\/producto\/vitrina-neutra-ecosilkon-md-mvnp-140t-140az-1-4m-self-servic-canastos-inclinados\/","title":{"rendered":"VITRINA NEUTRA ECOSILKON MD MVNP-140T\/140AZ 1.4M SELF SERVIC CANASTOS INCLINADOS"},"content":{"rendered":"<p>* Exposici\u00f3n de productos neutros. * Temperatura ambiente. * Voltaje 220 V &#8211; 50 Hz. * Con 2 rejillas. * Autoservicio. * Color azul. DIMENSIONES DEL PRODUCTO. * Ancho 1400 mm. * Profundidad 620 mm. * Altura 1200 mm. Im\u00e1genes meramente ilustrativas. Im\u00e1genes e informaci\u00f3n sujetas a cambios sin previo aviso. Detalles t\u00e9cnicos: \u2022 ANCHO: 80 CM \u2022 ALTO: 127 CM \u2022 LARGO: 150 CM \u2022 PESO: GR<\/p>\n","protected":false},"excerpt":{"rendered":"<p>* Exposici\u00f3n de productos neutros. * Temperatura ambiente. * Voltaje 220 V &#8211; 50 Hz. * Con 2 rejillas. * Autoservicio. * Color azul. DIMENSIONES DEL PRODUCTO. * Ancho 1400 mm. * Profundidad 620 mm. * Altura 1200 mm. Im\u00e1genes meramente ilustrativas. Im\u00e1genes e informaci\u00f3n sujetas a cambios sin previo aviso.<\/p>\n","protected":false},"featured_media":3874,"comment_status":"open","ping_status":"closed","template":"","meta":{"_et_pb_use_builder":"","_et_pb_old_content":"","_et_gb_content_width":""},"product_brand":[],"product_cat":[33,39],"product_tag":[],"class_list":{"0":"post-3875","1":"product","2":"type-product","3":"status-publish","4":"has-post-thumbnail","6":"product_cat-cocina-y-comedor","7":"product_cat-industria-comercio-y-campo","9":"first","10":"instock","11":"shipping-taxable","12":"purchasable","13":"product-type-simple"},"_links":{"self":[{"href":"https:\/\/rubi.com.py\/index.php\/wp-json\/wp\/v2\/product\/3875","targetHints":{"allow":["GET"]}}],"collection":[{"href":"https:\/\/rubi.com.py\/index.php\/wp-json\/wp\/v2\/product"}],"about":[{"href":"https:\/\/rubi.com.py\/index.php\/wp-json\/wp\/v2\/types\/product"}],"replies":[{"embeddable":true,"href":"https:\/\/rubi.com.py\/index.php\/wp-json\/wp\/v2\/comments?post=3875"}],"wp:featuredmedia":[{"embeddable":true,"href":"https:\/\/rubi.com.py\/index.php\/wp-json\/wp\/v2\/media\/3874"}],"wp:attachment":[{"href":"https:\/\/rubi.com.py\/index.php\/wp-json\/wp\/v2\/media?parent=3875"}],"wp:term":[{"taxonomy":"product_brand","embeddable":true,"href":"https:\/\/rubi.com.py\/index.php\/wp-json\/wp\/v2\/product_brand?post=3875"},{"taxonomy":"product_cat","embeddable":true,"href":"https:\/\/rubi.com.py\/index.php\/wp-json\/wp\/v2\/product_cat?post=3875"},{"taxonomy":"product_tag","embeddable":true,"href":"https:\/\/rubi.com.py\/index.php\/wp-json\/wp\/v2\/product_tag?post=3875"}],"curies":[{"name":"wp","href":"https:\/\/api.w.org\/{rel}","templated":true}]}}