{"id":388,"date":"2025-09-17T22:17:18","date_gmt":"2025-09-17T20:17:18","guid":{"rendered":"https:\/\/rubi.com.py\/index.php\/producto\/parlante-inalambrico-sony-srs-xp500-usb-bl-woofer-2x14cm\/"},"modified":"2026-04-20T21:58:17","modified_gmt":"2026-04-20T19:58:17","slug":"parlante-inalambrico-sony-srs-xp500-usb-bl-woofer-2x14cm","status":"publish","type":"product","link":"https:\/\/rubi.com.py\/index.php\/producto\/parlante-inalambrico-sony-srs-xp500-usb-bl-woofer-2x14cm\/","title":{"rendered":"PARLANTE INALAMBRICO SONY SRS-XP500 USB BL WOOFER 2X14CM"},"content":{"rendered":"<p>* Reproducci\u00f3n hasta 24 h. * Carga r\u00e1pida de 10 minutos para 80 minutos de reproducci\u00f3n. * 2 tweetersde 5 cm. * 2 woofersde 14 cm con parlantes X-Balancedpara mayor presi\u00f3n ac\u00fastica y claridad. * Dise\u00f1o para uso horizontal y vertical. * Certificaci\u00f3n IPX4 resistente a salpicaduras. * Iluminaci\u00f3n ambiental. * Modos de sonido MEGA BASS, LIVE SOUND, Clear Audio+, DSEE. * Asa de transporte. * Conexi\u00f3n hasta 100 parlantes Party Connect. * Puerto USB-A para cargar bater\u00eda de tel\u00e9fonotableta. * Modo fiestablepara controlar con gestos la iluminaci\u00f3n. * Formato de audio AAC, SBC, LDAC. * Aplicaci\u00f3nMusicCenterFiestable. * Peso 11kg. Detalles t\u00e9cnicos: \u2022 COLOR: NEGRO COLOR \u2022 ANCHO: 27,5 CM \u2022 ALTO: 57,2 CM \u2022 LARGO: 29,5 CM \u2022 PESO: 11200 GR<\/p>\n","protected":false},"excerpt":{"rendered":"<p>* Reproducci\u00f3n hasta 24 h. * Carga r\u00e1pida de 10 minutos para 80 minutos de reproducci\u00f3n. * 2 tweetersde 5 cm. * 2 woofersde 14 cm con parlantes X-Balancedpara mayor presi\u00f3n ac\u00fastica y claridad. * Dise\u00f1o para uso horizontal y vertical. * Certificaci\u00f3n IPX4 resistente a salpicaduras. * Iluminaci\u00f3n ambiental. * Modos de sonido MEGA BASS, LIVE SOUND, Clear Audio+, DSEE. * Asa de transporte. * Conexi\u00f3n hasta 100 parlantes Party Connect. * Puerto USB-A para cargar bater\u00eda de tel\u00e9fonotableta. * Modo fiestablepara controlar con gestos la iluminaci\u00f3n. * Formato de audio AAC, SBC, LDAC. * Aplicaci\u00f3nMusicCenterFiestable. * Peso 11kg.<\/p>\n","protected":false},"featured_media":4573,"comment_status":"open","ping_status":"closed","template":"","meta":{"_et_pb_use_builder":"","_et_pb_old_content":"","_et_gb_content_width":""},"product_brand":[],"product_cat":[46],"product_tag":[],"class_list":{"0":"post-388","1":"product","2":"type-product","3":"status-publish","4":"has-post-thumbnail","6":"product_cat-tecnologia","8":"first","9":"instock","10":"shipping-taxable","11":"purchasable","12":"product-type-simple"},"_links":{"self":[{"href":"https:\/\/rubi.com.py\/index.php\/wp-json\/wp\/v2\/product\/388","targetHints":{"allow":["GET"]}}],"collection":[{"href":"https:\/\/rubi.com.py\/index.php\/wp-json\/wp\/v2\/product"}],"about":[{"href":"https:\/\/rubi.com.py\/index.php\/wp-json\/wp\/v2\/types\/product"}],"replies":[{"embeddable":true,"href":"https:\/\/rubi.com.py\/index.php\/wp-json\/wp\/v2\/comments?post=388"}],"wp:featuredmedia":[{"embeddable":true,"href":"https:\/\/rubi.com.py\/index.php\/wp-json\/wp\/v2\/media\/4573"}],"wp:attachment":[{"href":"https:\/\/rubi.com.py\/index.php\/wp-json\/wp\/v2\/media?parent=388"}],"wp:term":[{"taxonomy":"product_brand","embeddable":true,"href":"https:\/\/rubi.com.py\/index.php\/wp-json\/wp\/v2\/product_brand?post=388"},{"taxonomy":"product_cat","embeddable":true,"href":"https:\/\/rubi.com.py\/index.php\/wp-json\/wp\/v2\/product_cat?post=388"},{"taxonomy":"product_tag","embeddable":true,"href":"https:\/\/rubi.com.py\/index.php\/wp-json\/wp\/v2\/product_tag?post=388"}],"curies":[{"name":"wp","href":"https:\/\/api.w.org\/{rel}","templated":true}]}}