{"id":3880,"date":"2026-04-19T20:36:28","date_gmt":"2026-04-19T18:36:28","guid":{"rendered":"https:\/\/rubi.com.py\/index.php\/producto\/vitrina-neutra-ecosilkon-1-23-m\/"},"modified":"2026-04-19T20:36:40","modified_gmt":"2026-04-19T18:36:40","slug":"vitrina-neutra-ecosilkon-1-23-m","status":"publish","type":"product","link":"https:\/\/rubi.com.py\/index.php\/producto\/vitrina-neutra-ecosilkon-1-23-m\/","title":{"rendered":"VITRINA NEUTRA ECOSILKON 1.23 M"},"content":{"rendered":"<p>* Para exposici\u00f3n de dulces, panes y secos en general. * Iluminaci\u00f3n LED. * Pies regulables. * Vidrio recto. MEDIDAS DEL PRODUCTO. * Frente 1230 mm. * Lateral 570 mm. * Altura 1120 mm. Im\u00e1genes meramente ilustrativas. Im\u00e1genes e informaci\u00f3n sujetas a cambios sin previo aviso. Detalles t\u00e9cnicos: \u2022 ANCHO: 80 CM \u2022 ALTO: 148 CM \u2022 LARGO: 160 CM \u2022 PESO: 14500 GR<\/p>\n","protected":false},"excerpt":{"rendered":"<p>* Para exposici\u00f3n de dulces, panes y secos en general. * Iluminaci\u00f3n LED. * Pies regulables. * Vidrio recto. MEDIDAS DEL PRODUCTO. * Frente 1230 mm. * Lateral 570 mm. * Altura 1120 mm. Im\u00e1genes meramente ilustrativas. Im\u00e1genes e informaci\u00f3n sujetas a cambios sin previo aviso.<\/p>\n","protected":false},"featured_media":3881,"comment_status":"open","ping_status":"closed","template":"","meta":{"_et_pb_use_builder":"","_et_pb_old_content":"","_et_gb_content_width":""},"product_brand":[],"product_cat":[33],"product_tag":[],"class_list":{"0":"post-3880","1":"product","2":"type-product","3":"status-publish","4":"has-post-thumbnail","6":"product_cat-cocina-y-comedor","8":"first","9":"instock","10":"shipping-taxable","11":"purchasable","12":"product-type-simple"},"_links":{"self":[{"href":"https:\/\/rubi.com.py\/index.php\/wp-json\/wp\/v2\/product\/3880","targetHints":{"allow":["GET"]}}],"collection":[{"href":"https:\/\/rubi.com.py\/index.php\/wp-json\/wp\/v2\/product"}],"about":[{"href":"https:\/\/rubi.com.py\/index.php\/wp-json\/wp\/v2\/types\/product"}],"replies":[{"embeddable":true,"href":"https:\/\/rubi.com.py\/index.php\/wp-json\/wp\/v2\/comments?post=3880"}],"wp:featuredmedia":[{"embeddable":true,"href":"https:\/\/rubi.com.py\/index.php\/wp-json\/wp\/v2\/media\/3881"}],"wp:attachment":[{"href":"https:\/\/rubi.com.py\/index.php\/wp-json\/wp\/v2\/media?parent=3880"}],"wp:term":[{"taxonomy":"product_brand","embeddable":true,"href":"https:\/\/rubi.com.py\/index.php\/wp-json\/wp\/v2\/product_brand?post=3880"},{"taxonomy":"product_cat","embeddable":true,"href":"https:\/\/rubi.com.py\/index.php\/wp-json\/wp\/v2\/product_cat?post=3880"},{"taxonomy":"product_tag","embeddable":true,"href":"https:\/\/rubi.com.py\/index.php\/wp-json\/wp\/v2\/product_tag?post=3880"}],"curies":[{"name":"wp","href":"https:\/\/api.w.org\/{rel}","templated":true}]}}