{"id":3885,"date":"2026-04-19T20:37:15","date_gmt":"2026-04-19T18:37:15","guid":{"rendered":"https:\/\/rubi.com.py\/index.php\/producto\/vitrina-neutra-esquinera-platinum-ecosilkon-inox-mod-cstpef-c-luz\/"},"modified":"2026-04-19T20:37:15","modified_gmt":"2026-04-19T18:37:15","slug":"vitrina-neutra-esquinera-platinum-ecosilkon-inox-mod-cstpef-c-luz","status":"publish","type":"product","link":"https:\/\/rubi.com.py\/index.php\/producto\/vitrina-neutra-esquinera-platinum-ecosilkon-inox-mod-cstpef-c-luz\/","title":{"rendered":"VITRINA NEUTRA ESQUINERA PLATINUM ECOSILKON INOX MOD CSTPEF C\/LUZ"},"content":{"rendered":"<p>* Curva S\u00faper Top Platinum externa cerrada. * Sistema de refrigeraci\u00f3n neutro. * Temperatura ambiente. * Voltaje 220 V &#8211; 50 Hz. * Consumo 0,009 kW-h. * Vidrio curvo templado. * Iluminaci\u00f3n LED. * Peso 100 Kg. DIMENSIONES * Ancho 1605 mm. * Profundidad 900 mm. * Alto 1270 mm. Im\u00e1genes meramente ilustrativas. Im\u00e1genes e informaci\u00f3n sujetas a cambios sin previo aviso. Detalles t\u00e9cnicos: \u2022 ANCHO: 72 CM \u2022 ALTO: 142 CM \u2022 LARGO: 179 CM \u2022 PESO: 130000 GR<\/p>\n","protected":false},"excerpt":{"rendered":"<p>* Curva S\u00faper Top Platinum externa cerrada. * Sistema de refrigeraci\u00f3n neutro. * Temperatura ambiente. * Voltaje 220 V &#8211; 50 Hz. * Consumo 0,009 kW-h. * Vidrio curvo templado. * Iluminaci\u00f3n LED. * Peso 100 Kg. DIMENSIONES * Ancho 1605 mm. * Profundidad 900 mm. * Alto 1270 mm. Im\u00e1genes meramente ilustrativas. Im\u00e1genes e informaci\u00f3n sujetas a cambios sin previo aviso.<\/p>\n","protected":false},"featured_media":3884,"comment_status":"open","ping_status":"closed","template":"","meta":{"_et_pb_use_builder":"","_et_pb_old_content":"","_et_gb_content_width":""},"product_brand":[],"product_cat":[33,39],"product_tag":[],"class_list":{"0":"post-3885","1":"product","2":"type-product","3":"status-publish","4":"has-post-thumbnail","6":"product_cat-cocina-y-comedor","7":"product_cat-industria-comercio-y-campo","9":"first","10":"instock","11":"shipping-taxable","12":"purchasable","13":"product-type-simple"},"_links":{"self":[{"href":"https:\/\/rubi.com.py\/index.php\/wp-json\/wp\/v2\/product\/3885","targetHints":{"allow":["GET"]}}],"collection":[{"href":"https:\/\/rubi.com.py\/index.php\/wp-json\/wp\/v2\/product"}],"about":[{"href":"https:\/\/rubi.com.py\/index.php\/wp-json\/wp\/v2\/types\/product"}],"replies":[{"embeddable":true,"href":"https:\/\/rubi.com.py\/index.php\/wp-json\/wp\/v2\/comments?post=3885"}],"wp:featuredmedia":[{"embeddable":true,"href":"https:\/\/rubi.com.py\/index.php\/wp-json\/wp\/v2\/media\/3884"}],"wp:attachment":[{"href":"https:\/\/rubi.com.py\/index.php\/wp-json\/wp\/v2\/media?parent=3885"}],"wp:term":[{"taxonomy":"product_brand","embeddable":true,"href":"https:\/\/rubi.com.py\/index.php\/wp-json\/wp\/v2\/product_brand?post=3885"},{"taxonomy":"product_cat","embeddable":true,"href":"https:\/\/rubi.com.py\/index.php\/wp-json\/wp\/v2\/product_cat?post=3885"},{"taxonomy":"product_tag","embeddable":true,"href":"https:\/\/rubi.com.py\/index.php\/wp-json\/wp\/v2\/product_tag?post=3885"}],"curies":[{"name":"wp","href":"https:\/\/api.w.org\/{rel}","templated":true}]}}