{"id":3887,"date":"2026-04-19T20:37:37","date_gmt":"2026-04-19T18:37:37","guid":{"rendered":"https:\/\/rubi.com.py\/index.php\/producto\/vitrina-neutra-vitalis-ecosilkon-mod-mvnp-140-abierto-amarillo\/"},"modified":"2026-04-19T20:37:37","modified_gmt":"2026-04-19T18:37:37","slug":"vitrina-neutra-vitalis-ecosilkon-mod-mvnp-140-abierto-amarillo","status":"publish","type":"product","link":"https:\/\/rubi.com.py\/index.php\/producto\/vitrina-neutra-vitalis-ecosilkon-mod-mvnp-140-abierto-amarillo\/","title":{"rendered":"VITRINA NEUTRA VITALIS ECOSILKON MOD MVNP-140-ABIERTO AMARILLO"},"content":{"rendered":"<p>* Exposici\u00f3n de productos neutros. * Temperatura ambiente. * Voltaje 220 V &#8211; 50 Hz. * Color amarillo. * Con 2 rejillas. * Autoservicio. DIMENSIONES * Ancho 1400 mm. * Profundidad 620 mm. * Alto 1200 mm. Im\u00e1genes meramente ilustrativas. Im\u00e1genes e informaci\u00f3n sujetas a cambios sin previo aviso. Detalles t\u00e9cnicos: \u2022 ANCHO: 80 CM \u2022 ALTO: 123 CM \u2022 LARGO: 150 CM \u2022 PESO: 125000 GR<\/p>\n","protected":false},"excerpt":{"rendered":"<p>* Exposici\u00f3n de productos neutros. * Temperatura ambiente. * Voltaje 220 V &#8211; 50 Hz. * Color amarillo. * Con 2 rejillas. * Autoservicio. DIMENSIONES * Ancho 1400 mm. * Profundidad 620 mm. * Alto 1200 mm. Im\u00e1genes meramente ilustrativas. Im\u00e1genes e informaci\u00f3n sujetas a cambios sin previo aviso.<\/p>\n","protected":false},"featured_media":3886,"comment_status":"open","ping_status":"closed","template":"","meta":{"_et_pb_use_builder":"","_et_pb_old_content":"","_et_gb_content_width":""},"product_brand":[],"product_cat":[33,39],"product_tag":[],"class_list":{"0":"post-3887","1":"product","2":"type-product","3":"status-publish","4":"has-post-thumbnail","6":"product_cat-cocina-y-comedor","7":"product_cat-industria-comercio-y-campo","9":"first","10":"instock","11":"shipping-taxable","12":"purchasable","13":"product-type-simple"},"_links":{"self":[{"href":"https:\/\/rubi.com.py\/index.php\/wp-json\/wp\/v2\/product\/3887","targetHints":{"allow":["GET"]}}],"collection":[{"href":"https:\/\/rubi.com.py\/index.php\/wp-json\/wp\/v2\/product"}],"about":[{"href":"https:\/\/rubi.com.py\/index.php\/wp-json\/wp\/v2\/types\/product"}],"replies":[{"embeddable":true,"href":"https:\/\/rubi.com.py\/index.php\/wp-json\/wp\/v2\/comments?post=3887"}],"wp:featuredmedia":[{"embeddable":true,"href":"https:\/\/rubi.com.py\/index.php\/wp-json\/wp\/v2\/media\/3886"}],"wp:attachment":[{"href":"https:\/\/rubi.com.py\/index.php\/wp-json\/wp\/v2\/media?parent=3887"}],"wp:term":[{"taxonomy":"product_brand","embeddable":true,"href":"https:\/\/rubi.com.py\/index.php\/wp-json\/wp\/v2\/product_brand?post=3887"},{"taxonomy":"product_cat","embeddable":true,"href":"https:\/\/rubi.com.py\/index.php\/wp-json\/wp\/v2\/product_cat?post=3887"},{"taxonomy":"product_tag","embeddable":true,"href":"https:\/\/rubi.com.py\/index.php\/wp-json\/wp\/v2\/product_tag?post=3887"}],"curies":[{"name":"wp","href":"https:\/\/api.w.org\/{rel}","templated":true}]}}