{"id":3893,"date":"2026-04-19T20:40:06","date_gmt":"2026-04-19T18:40:06","guid":{"rendered":"https:\/\/rubi.com.py\/index.php\/producto\/freidora-electrica-metvisa-6-litros-doble-3l3l\/"},"modified":"2026-04-19T20:40:06","modified_gmt":"2026-04-19T18:40:06","slug":"freidora-electrica-metvisa-6-litros-doble-3l3l","status":"publish","type":"product","link":"https:\/\/rubi.com.py\/index.php\/producto\/freidora-electrica-metvisa-6-litros-doble-3l3l\/","title":{"rendered":"FREIDORA ELECTRICA METVISA 6 LITROS DOBLE (3L+3L)"},"content":{"rendered":"<p>* Consumo m\u00e1ximo de energ\u00eda 5,0 kW-h. * Potencia cada resistencia 2500 W. * Capacidad del tanque 3 litros. * 2 unidades de canastas. * 2 tanques. Im\u00e1genes meramente ilustrativas. Im\u00e1genes e informaci\u00f3n sujetas a cambios sin previo aviso. Detalles t\u00e9cnicos: \u2022 ANCHO: 38 CM \u2022 ALTO: 36 CM \u2022 LARGO: 40,5 CM \u2022 PESO: 82000 GR<\/p>\n","protected":false},"excerpt":{"rendered":"<p>* Consumo m\u00e1ximo de energ\u00eda 5,0 kW-h. * Potencia cada resistencia 2500 W. * Capacidad del tanque 3 litros. * 2 unidades de canastas. * 2 tanques. Im\u00e1genes meramente ilustrativas. Im\u00e1genes e informaci\u00f3n sujetas a cambios sin previo aviso.<\/p>\n","protected":false},"featured_media":3892,"comment_status":"open","ping_status":"closed","template":"","meta":{"_et_pb_use_builder":"","_et_pb_old_content":"","_et_gb_content_width":""},"product_brand":[],"product_cat":[33],"product_tag":[],"class_list":{"0":"post-3893","1":"product","2":"type-product","3":"status-publish","4":"has-post-thumbnail","6":"product_cat-cocina-y-comedor","8":"first","9":"instock","10":"shipping-taxable","11":"purchasable","12":"product-type-simple"},"_links":{"self":[{"href":"https:\/\/rubi.com.py\/index.php\/wp-json\/wp\/v2\/product\/3893","targetHints":{"allow":["GET"]}}],"collection":[{"href":"https:\/\/rubi.com.py\/index.php\/wp-json\/wp\/v2\/product"}],"about":[{"href":"https:\/\/rubi.com.py\/index.php\/wp-json\/wp\/v2\/types\/product"}],"replies":[{"embeddable":true,"href":"https:\/\/rubi.com.py\/index.php\/wp-json\/wp\/v2\/comments?post=3893"}],"wp:featuredmedia":[{"embeddable":true,"href":"https:\/\/rubi.com.py\/index.php\/wp-json\/wp\/v2\/media\/3892"}],"wp:attachment":[{"href":"https:\/\/rubi.com.py\/index.php\/wp-json\/wp\/v2\/media?parent=3893"}],"wp:term":[{"taxonomy":"product_brand","embeddable":true,"href":"https:\/\/rubi.com.py\/index.php\/wp-json\/wp\/v2\/product_brand?post=3893"},{"taxonomy":"product_cat","embeddable":true,"href":"https:\/\/rubi.com.py\/index.php\/wp-json\/wp\/v2\/product_cat?post=3893"},{"taxonomy":"product_tag","embeddable":true,"href":"https:\/\/rubi.com.py\/index.php\/wp-json\/wp\/v2\/product_tag?post=3893"}],"curies":[{"name":"wp","href":"https:\/\/api.w.org\/{rel}","templated":true}]}}