{"id":3895,"date":"2026-04-19T20:41:05","date_gmt":"2026-04-19T18:41:05","guid":{"rendered":"https:\/\/rubi.com.py\/index.php\/producto\/tv-jvc-40-smart-fhd-google-tv-mod-lt40kb448\/"},"modified":"2026-04-19T20:41:05","modified_gmt":"2026-04-19T18:41:05","slug":"tv-jvc-40-smart-fhd-google-tv-mod-lt40kb448","status":"publish","type":"product","link":"https:\/\/rubi.com.py\/index.php\/producto\/tv-jvc-40-smart-fhd-google-tv-mod-lt40kb448\/","title":{"rendered":"TV JVC 40 SMART FHD GOOGLE TV MOD LT40KB448"},"content":{"rendered":"<p>* DLED HDR10 1920p x 1080p. * Frameless Design. * Salida de audio. * Wifi integrado. * Google Cast. * Dolby Audio. * LAN RJ-45. * Bluetooth. * 3 HDMI. * 2 USB. Im\u00e1genes meramente ilustrativas. Im\u00e1genes e informaci\u00f3n sujetas a cambios sin previo aviso. Detalles t\u00e9cnicos: \u2022 ANCHO: 12,6 CM \u2022 ALTO: 62,5 CM \u2022 LARGO: 104,5 CM \u2022 PESO: 7820 GR<\/p>\n","protected":false},"excerpt":{"rendered":"<p>* DLED HDR10 1920p x 1080p. * Frameless Design. * Salida de audio. * Wifi integrado. * Google Cast. * Dolby Audio. * LAN RJ-45. * Bluetooth. * 3 HDMI. * 2 USB. Im\u00e1genes meramente ilustrativas. Im\u00e1genes e informaci\u00f3n sujetas a cambios sin previo aviso.<\/p>\n","protected":false},"featured_media":3894,"comment_status":"open","ping_status":"closed","template":"","meta":{"_et_pb_use_builder":"","_et_pb_old_content":"","_et_gb_content_width":""},"product_brand":[],"product_cat":[46],"product_tag":[],"class_list":{"0":"post-3895","1":"product","2":"type-product","3":"status-publish","4":"has-post-thumbnail","6":"product_cat-tecnologia","8":"first","9":"instock","10":"shipping-taxable","11":"purchasable","12":"product-type-simple"},"_links":{"self":[{"href":"https:\/\/rubi.com.py\/index.php\/wp-json\/wp\/v2\/product\/3895","targetHints":{"allow":["GET"]}}],"collection":[{"href":"https:\/\/rubi.com.py\/index.php\/wp-json\/wp\/v2\/product"}],"about":[{"href":"https:\/\/rubi.com.py\/index.php\/wp-json\/wp\/v2\/types\/product"}],"replies":[{"embeddable":true,"href":"https:\/\/rubi.com.py\/index.php\/wp-json\/wp\/v2\/comments?post=3895"}],"wp:featuredmedia":[{"embeddable":true,"href":"https:\/\/rubi.com.py\/index.php\/wp-json\/wp\/v2\/media\/3894"}],"wp:attachment":[{"href":"https:\/\/rubi.com.py\/index.php\/wp-json\/wp\/v2\/media?parent=3895"}],"wp:term":[{"taxonomy":"product_brand","embeddable":true,"href":"https:\/\/rubi.com.py\/index.php\/wp-json\/wp\/v2\/product_brand?post=3895"},{"taxonomy":"product_cat","embeddable":true,"href":"https:\/\/rubi.com.py\/index.php\/wp-json\/wp\/v2\/product_cat?post=3895"},{"taxonomy":"product_tag","embeddable":true,"href":"https:\/\/rubi.com.py\/index.php\/wp-json\/wp\/v2\/product_tag?post=3895"}],"curies":[{"name":"wp","href":"https:\/\/api.w.org\/{rel}","templated":true}]}}