{"id":3897,"date":"2026-04-19T20:41:37","date_gmt":"2026-04-19T18:41:37","guid":{"rendered":"https:\/\/rubi.com.py\/index.php\/producto\/vaporizador-de-ropas-arno-pure-pop-blue-1100w\/"},"modified":"2026-04-19T20:41:37","modified_gmt":"2026-04-19T18:41:37","slug":"vaporizador-de-ropas-arno-pure-pop-blue-1100w","status":"publish","type":"product","link":"https:\/\/rubi.com.py\/index.php\/producto\/vaporizador-de-ropas-arno-pure-pop-blue-1100w\/","title":{"rendered":"VAPORIZADOR DE ROPAS ARNO PURE POP BLUE 1100W"},"content":{"rendered":"<p>* Vaporizado eficiente, con un movimiento suave e intuitivo. * Compacto y ligero para cualquier lugar, ideal para viajar. * Elimina hasta 99,9 de g\u00e9rmenes y bacterias. * Tecnolog\u00eda exclusiva de cepillo reversible. * Salida continua de vapor hasta 20g-min. * Dep\u00f3sito de agua extra\u00edble de 70 ml. * Desinfecta y desodoriza tejidos. * Calentamiento ultrarr\u00e1pido. * Vapor potente y eficiente. * Potencia 1100W. * 1 vaporizador Arno Pure Pop. * 1 Cepillo reversible de doble cara (terciopelo + quita pelusas). * 1 Bolsa de transporte. Im\u00e1genes meramente ilustrativas. Im\u00e1genes e informaci\u00f3n sujetas a cambios sin previo aviso. Detalles t\u00e9cnicos: \u2022 ANCHO: 18,5 CM \u2022 ALTO: 13,5 CM \u2022 LARGO: 36,8 CM \u2022 PESO: 1200 GR<\/p>\n","protected":false},"excerpt":{"rendered":"<p>* Vaporizado eficiente, con un movimiento suave e intuitivo. * Compacto y ligero para cualquier lugar, ideal para viajar. * Elimina hasta 99,9 de g\u00e9rmenes y bacterias. * Tecnolog\u00eda exclusiva de cepillo reversible. * Salida continua de vapor hasta 20g-min. * Dep\u00f3sito de agua extra\u00edble de 70 ml. * Desinfecta y desodoriza tejidos. * Calentamiento ultrarr\u00e1pido. * Vapor potente y eficiente. * Potencia 1100W. * 1 vaporizador Arno Pure Pop. * 1 Cepillo reversible de doble cara (terciopelo + quita pelusas). * 1 Bolsa de transporte. Im\u00e1genes meramente ilustrativas. Im\u00e1genes e informaci\u00f3n sujetas a cambios sin previo aviso.<\/p>\n","protected":false},"featured_media":3896,"comment_status":"open","ping_status":"closed","template":"","meta":{"_et_pb_use_builder":"","_et_pb_old_content":"","_et_gb_content_width":""},"product_brand":[],"product_cat":[41],"product_tag":[],"class_list":{"0":"post-3897","1":"product","2":"type-product","3":"status-publish","4":"has-post-thumbnail","6":"product_cat-lavado-y-cuidado-de-prendas","8":"first","9":"instock","10":"shipping-taxable","11":"purchasable","12":"product-type-simple"},"_links":{"self":[{"href":"https:\/\/rubi.com.py\/index.php\/wp-json\/wp\/v2\/product\/3897","targetHints":{"allow":["GET"]}}],"collection":[{"href":"https:\/\/rubi.com.py\/index.php\/wp-json\/wp\/v2\/product"}],"about":[{"href":"https:\/\/rubi.com.py\/index.php\/wp-json\/wp\/v2\/types\/product"}],"replies":[{"embeddable":true,"href":"https:\/\/rubi.com.py\/index.php\/wp-json\/wp\/v2\/comments?post=3897"}],"wp:featuredmedia":[{"embeddable":true,"href":"https:\/\/rubi.com.py\/index.php\/wp-json\/wp\/v2\/media\/3896"}],"wp:attachment":[{"href":"https:\/\/rubi.com.py\/index.php\/wp-json\/wp\/v2\/media?parent=3897"}],"wp:term":[{"taxonomy":"product_brand","embeddable":true,"href":"https:\/\/rubi.com.py\/index.php\/wp-json\/wp\/v2\/product_brand?post=3897"},{"taxonomy":"product_cat","embeddable":true,"href":"https:\/\/rubi.com.py\/index.php\/wp-json\/wp\/v2\/product_cat?post=3897"},{"taxonomy":"product_tag","embeddable":true,"href":"https:\/\/rubi.com.py\/index.php\/wp-json\/wp\/v2\/product_tag?post=3897"}],"curies":[{"name":"wp","href":"https:\/\/api.w.org\/{rel}","templated":true}]}}