{"id":3901,"date":"2026-04-19T20:42:42","date_gmt":"2026-04-19T18:42:42","guid":{"rendered":"https:\/\/rubi.com.py\/index.php\/producto\/ventilador-arno-mod-fan-xtrem-7-3vel-220v-50hz-150w\/"},"modified":"2026-04-19T20:42:42","modified_gmt":"2026-04-19T18:42:42","slug":"ventilador-arno-mod-fan-xtrem-7-3vel-220v-50hz-150w","status":"publish","type":"product","link":"https:\/\/rubi.com.py\/index.php\/producto\/ventilador-arno-mod-fan-xtrem-7-3vel-220v-50hz-150w\/","title":{"rendered":"VENTILADOR ARNO MOD FAN XTREM 7 3VEL 220V 50HZ 150W"},"content":{"rendered":"<p>* Tecnolog\u00eda x-treme concentraci\u00f3n de flujo de aire y confort sonoro. * 4 inclinaciones verticales con ajuste f\u00e1cil en el lateral. * Alcance largo de hasta 11 metros. * M\u00e1ximo alcance, m\u00ednimo ruido. * Asa para transportar. * Super silencioso. * Potencia 150W. * 7 aspas. Im\u00e1genes meramente ilustrativas. Im\u00e1genes e informaci\u00f3n sujetas a cambios sin previo aviso. Detalles t\u00e9cnicos: \u2022 ANCHO: 34,1 CM \u2022 ALTO: 55,5 CM \u2022 LARGO: 49,3 CM \u2022 PESO: 4100 GR<\/p>\n","protected":false},"excerpt":{"rendered":"<p>* Tecnolog\u00eda x-treme concentraci\u00f3n de flujo de aire y confort sonoro. * 4 inclinaciones verticales con ajuste f\u00e1cil en el lateral. * Alcance largo de hasta 11 metros. * M\u00e1ximo alcance, m\u00ednimo ruido. * Asa para transportar. * Super silencioso. * Potencia 150W. * 7 aspas. Im\u00e1genes meramente ilustrativas. Im\u00e1genes e informaci\u00f3n sujetas a cambios sin previo aviso.<\/p>\n","protected":false},"featured_media":3900,"comment_status":"open","ping_status":"closed","template":"","meta":{"_et_pb_use_builder":"","_et_pb_old_content":"","_et_gb_content_width":""},"product_brand":[],"product_cat":[38],"product_tag":[],"class_list":{"0":"post-3901","1":"product","2":"type-product","3":"status-publish","4":"has-post-thumbnail","6":"product_cat-hogar-y-limpieza","8":"first","9":"instock","10":"shipping-taxable","11":"purchasable","12":"product-type-simple"},"_links":{"self":[{"href":"https:\/\/rubi.com.py\/index.php\/wp-json\/wp\/v2\/product\/3901","targetHints":{"allow":["GET"]}}],"collection":[{"href":"https:\/\/rubi.com.py\/index.php\/wp-json\/wp\/v2\/product"}],"about":[{"href":"https:\/\/rubi.com.py\/index.php\/wp-json\/wp\/v2\/types\/product"}],"replies":[{"embeddable":true,"href":"https:\/\/rubi.com.py\/index.php\/wp-json\/wp\/v2\/comments?post=3901"}],"wp:featuredmedia":[{"embeddable":true,"href":"https:\/\/rubi.com.py\/index.php\/wp-json\/wp\/v2\/media\/3900"}],"wp:attachment":[{"href":"https:\/\/rubi.com.py\/index.php\/wp-json\/wp\/v2\/media?parent=3901"}],"wp:term":[{"taxonomy":"product_brand","embeddable":true,"href":"https:\/\/rubi.com.py\/index.php\/wp-json\/wp\/v2\/product_brand?post=3901"},{"taxonomy":"product_cat","embeddable":true,"href":"https:\/\/rubi.com.py\/index.php\/wp-json\/wp\/v2\/product_cat?post=3901"},{"taxonomy":"product_tag","embeddable":true,"href":"https:\/\/rubi.com.py\/index.php\/wp-json\/wp\/v2\/product_tag?post=3901"}],"curies":[{"name":"wp","href":"https:\/\/api.w.org\/{rel}","templated":true}]}}