{"id":3905,"date":"2026-04-19T20:43:53","date_gmt":"2026-04-19T18:43:53","guid":{"rendered":"https:\/\/rubi.com.py\/index.php\/producto\/visicooler-bajo-cero-ecosilkon-2-ptas-rf-020b-700l-5-5\/"},"modified":"2026-04-19T20:43:53","modified_gmt":"2026-04-19T18:43:53","slug":"visicooler-bajo-cero-ecosilkon-2-ptas-rf-020b-700l-5-5","status":"publish","type":"product","link":"https:\/\/rubi.com.py\/index.php\/producto\/visicooler-bajo-cero-ecosilkon-2-ptas-rf-020b-700l-5-5\/","title":{"rendered":"VISICOOLER BAJO CERO ECOSILKON 2 PTAS RF-020B, 700L (+5\/-5)"},"content":{"rendered":"<p>* Calefacci\u00f3n integrada en el marco de la puerta. * Puerta de vidrio calefaccionado. * Patas regulables en altura. * Capacidad 700 litros. * Temperatura -5\u00b0 a 5\u00b0. * Estantes ajustables. * Controlador digital. * Iluminaci\u00f3n LED. MEDIDAS DEL PRODUCTO. * Frente 1080 mm. * Lateral 575 mm. * Altura 2000 mm. Im\u00e1genes meramente ilustrativas. Im\u00e1genes e informaci\u00f3n sujetas a cambios sin previo aviso. Detalles t\u00e9cnicos: \u2022 ANCHO: 80 CM \u2022 ALTO: 148 CM \u2022 LARGO: 160 CM \u2022 PESO: 14500 GR<\/p>\n","protected":false},"excerpt":{"rendered":"<p>* Calefacci\u00f3n integrada en el marco de la puerta. * Puerta de vidrio calefaccionado. * Patas regulables en altura. * Capacidad 700 litros. * Temperatura -5\u00b0 a 5\u00b0. * Estantes ajustables. * Controlador digital. * Iluminaci\u00f3n LED. MEDIDAS DEL PRODUCTO. * Frente 1080 mm. * Lateral 575 mm. * Altura 2000 mm. Im\u00e1genes meramente ilustrativas. Im\u00e1genes e informaci\u00f3n sujetas a cambios sin previo aviso.<\/p>\n","protected":false},"featured_media":3904,"comment_status":"open","ping_status":"closed","template":"","meta":{"_et_pb_use_builder":"","_et_pb_old_content":"","_et_gb_content_width":""},"product_brand":[],"product_cat":[43],"product_tag":[],"class_list":{"0":"post-3905","1":"product","2":"type-product","3":"status-publish","4":"has-post-thumbnail","6":"product_cat-refrigeracion","8":"first","9":"instock","10":"shipping-taxable","11":"purchasable","12":"product-type-simple"},"_links":{"self":[{"href":"https:\/\/rubi.com.py\/index.php\/wp-json\/wp\/v2\/product\/3905","targetHints":{"allow":["GET"]}}],"collection":[{"href":"https:\/\/rubi.com.py\/index.php\/wp-json\/wp\/v2\/product"}],"about":[{"href":"https:\/\/rubi.com.py\/index.php\/wp-json\/wp\/v2\/types\/product"}],"replies":[{"embeddable":true,"href":"https:\/\/rubi.com.py\/index.php\/wp-json\/wp\/v2\/comments?post=3905"}],"wp:featuredmedia":[{"embeddable":true,"href":"https:\/\/rubi.com.py\/index.php\/wp-json\/wp\/v2\/media\/3904"}],"wp:attachment":[{"href":"https:\/\/rubi.com.py\/index.php\/wp-json\/wp\/v2\/media?parent=3905"}],"wp:term":[{"taxonomy":"product_brand","embeddable":true,"href":"https:\/\/rubi.com.py\/index.php\/wp-json\/wp\/v2\/product_brand?post=3905"},{"taxonomy":"product_cat","embeddable":true,"href":"https:\/\/rubi.com.py\/index.php\/wp-json\/wp\/v2\/product_cat?post=3905"},{"taxonomy":"product_tag","embeddable":true,"href":"https:\/\/rubi.com.py\/index.php\/wp-json\/wp\/v2\/product_tag?post=3905"}],"curies":[{"name":"wp","href":"https:\/\/api.w.org\/{rel}","templated":true}]}}