{"id":3907,"date":"2026-04-19T20:44:15","date_gmt":"2026-04-19T18:44:15","guid":{"rendered":"https:\/\/rubi.com.py\/index.php\/producto\/visicooler-ecosilkon-para-congelados-c-luz-led-1300-lts-mod-vccg1300-bl\/"},"modified":"2026-04-19T20:44:15","modified_gmt":"2026-04-19T18:44:15","slug":"visicooler-ecosilkon-para-congelados-c-luz-led-1300-lts-mod-vccg1300-bl","status":"publish","type":"product","link":"https:\/\/rubi.com.py\/index.php\/producto\/visicooler-ecosilkon-para-congelados-c-luz-led-1300-lts-mod-vccg1300-bl\/","title":{"rendered":"VISICOOLER ECOSILKON  PARA CONGELADOS C\/ LUZ LED 1300 LTS MOD VCCG1300 BL"},"content":{"rendered":"<p>* Puertas de vidrio doble templados con desempa\u00f1ante. * Visicooler para congelados de 2 puertas. * Sistema de refrigeraci\u00f3n Aire forzado. * Cantidad de gas refrigerante 1000 g. * Gas refrigerante R-404a. * Consumo 1,6 kW-h. * Parrillas de alambre. * Temperatura -18\u00b0C. * Capacidad 1300 L. * Controlador digital. * Iluminaci\u00f3n LED. * Peso 265 Kg. * 4 estanter\u00eda. MEDIDAS DEL PRODUCTO. * Ancho 1436 mm. * Profundida 740 mm. * Alto 2080 mm. Im\u00e1genes meramente ilustrativas. Im\u00e1genes e informaci\u00f3n sujetas a cambios sin previo aviso. Detalles t\u00e9cnicos: \u2022 ANCHO: 88 CM \u2022 ALTO: 226 CM \u2022 LARGO: 157 CM \u2022 PESO: 1 GR<\/p>\n","protected":false},"excerpt":{"rendered":"<p>* Puertas de vidrio doble templados con desempa\u00f1ante. * Visicooler para congelados de 2 puertas. * Sistema de refrigeraci\u00f3n Aire forzado. * Cantidad de gas refrigerante 1000 g. * Gas refrigerante R-404a. * Consumo 1,6 kW-h. * Parrillas de alambre. * Temperatura -18\u00b0C. * Capacidad 1300 L. * Controlador digital. * Iluminaci\u00f3n LED. * Peso 265 Kg. * 4 estanter\u00eda. MEDIDAS DEL PRODUCTO. * Ancho 1436 mm. * Profundida 740 mm. * Alto 2080 mm. Im\u00e1genes meramente ilustrativas. Im\u00e1genes e informaci\u00f3n sujetas a cambios sin previo aviso.<\/p>\n","protected":false},"featured_media":3906,"comment_status":"open","ping_status":"closed","template":"","meta":{"_et_pb_use_builder":"","_et_pb_old_content":"","_et_gb_content_width":""},"product_brand":[],"product_cat":[43],"product_tag":[],"class_list":{"0":"post-3907","1":"product","2":"type-product","3":"status-publish","4":"has-post-thumbnail","6":"product_cat-refrigeracion","8":"first","9":"instock","10":"shipping-taxable","11":"purchasable","12":"product-type-simple"},"_links":{"self":[{"href":"https:\/\/rubi.com.py\/index.php\/wp-json\/wp\/v2\/product\/3907","targetHints":{"allow":["GET"]}}],"collection":[{"href":"https:\/\/rubi.com.py\/index.php\/wp-json\/wp\/v2\/product"}],"about":[{"href":"https:\/\/rubi.com.py\/index.php\/wp-json\/wp\/v2\/types\/product"}],"replies":[{"embeddable":true,"href":"https:\/\/rubi.com.py\/index.php\/wp-json\/wp\/v2\/comments?post=3907"}],"wp:featuredmedia":[{"embeddable":true,"href":"https:\/\/rubi.com.py\/index.php\/wp-json\/wp\/v2\/media\/3906"}],"wp:attachment":[{"href":"https:\/\/rubi.com.py\/index.php\/wp-json\/wp\/v2\/media?parent=3907"}],"wp:term":[{"taxonomy":"product_brand","embeddable":true,"href":"https:\/\/rubi.com.py\/index.php\/wp-json\/wp\/v2\/product_brand?post=3907"},{"taxonomy":"product_cat","embeddable":true,"href":"https:\/\/rubi.com.py\/index.php\/wp-json\/wp\/v2\/product_cat?post=3907"},{"taxonomy":"product_tag","embeddable":true,"href":"https:\/\/rubi.com.py\/index.php\/wp-json\/wp\/v2\/product_tag?post=3907"}],"curies":[{"name":"wp","href":"https:\/\/api.w.org\/{rel}","templated":true}]}}