{"id":3909,"date":"2026-04-19T20:44:34","date_gmt":"2026-04-19T18:44:34","guid":{"rendered":"https:\/\/rubi.com.py\/index.php\/producto\/visicooler-ecosilkon-doble-puerta-independiente-p-bebidas-156-l-143\/"},"modified":"2026-04-19T20:44:34","modified_gmt":"2026-04-19T18:44:34","slug":"visicooler-ecosilkon-doble-puerta-independiente-p-bebidas-156-l-143","status":"publish","type":"product","link":"https:\/\/rubi.com.py\/index.php\/producto\/visicooler-ecosilkon-doble-puerta-independiente-p-bebidas-156-l-143\/","title":{"rendered":"VISICOOLER ECOSILKON DOBLE PUERTA INDEPENDIENTE P\/BEBIDAS 156 L \/143"},"content":{"rendered":"<p>* Congelador puerta de vidrio de 3 capas con pel\u00edcula calefactora. * Heladera puerta de vidrio de 2 capas con un templado. * Controlador de temperatura digital con pantalla LED. * Luz 1 marquesina horizontal + 2 LED verticales. * Sistema de refrigeraci\u00f3n por ventilador. * Capacidad congelador 160 litros. * Temperatura heladera 1 &#8211; 10\u00b0C. * Temperatura congelador -18\u00b0C. * Capacidad heladera 140 litros. * Consumo 10,5 kW-24h. * 4 estanter\u00edas. * Peso 105 kg. MEDIDAS DEL PRODUCTO. * Ancho 650 mm. * Alto 2079 mm. * Profundidad 610 mm. Im\u00e1genes meramente ilustrativas. Im\u00e1genes e informaci\u00f3n sujetas a cambios sin previo aviso. Detalles t\u00e9cnicos: \u2022 ANCHO: 65 CM \u2022 ALTO: 208,5 CM \u2022 LARGO: 70 CM \u2022 PESO: 1 GR<\/p>\n","protected":false},"excerpt":{"rendered":"<p>* Congelador puerta de vidrio de 3 capas con pel\u00edcula calefactora. * Heladera puerta de vidrio de 2 capas con un templado. * Controlador de temperatura digital con pantalla LED. * Luz 1 marquesina horizontal + 2 LED verticales. * Sistema de refrigeraci\u00f3n por ventilador. * Capacidad congelador 160 litros. * Temperatura heladera 1 &#8211; 10\u00b0C. * Temperatura congelador -18\u00b0C. * Capacidad heladera 140 litros. * Consumo 10,5 kW-24h. * 4 estanter\u00edas. * Peso 105 kg. MEDIDAS DEL PRODUCTO. * Ancho 650 mm. * Alto 2079 mm. * Profundidad 610 mm. Im\u00e1genes meramente ilustrativas. Im\u00e1genes e informaci\u00f3n sujetas a cambios sin previo aviso.<\/p>\n","protected":false},"featured_media":3908,"comment_status":"open","ping_status":"closed","template":"","meta":{"_et_pb_use_builder":"","_et_pb_old_content":"","_et_gb_content_width":""},"product_brand":[],"product_cat":[43],"product_tag":[],"class_list":{"0":"post-3909","1":"product","2":"type-product","3":"status-publish","4":"has-post-thumbnail","6":"product_cat-refrigeracion","8":"first","9":"instock","10":"shipping-taxable","11":"purchasable","12":"product-type-simple"},"_links":{"self":[{"href":"https:\/\/rubi.com.py\/index.php\/wp-json\/wp\/v2\/product\/3909","targetHints":{"allow":["GET"]}}],"collection":[{"href":"https:\/\/rubi.com.py\/index.php\/wp-json\/wp\/v2\/product"}],"about":[{"href":"https:\/\/rubi.com.py\/index.php\/wp-json\/wp\/v2\/types\/product"}],"replies":[{"embeddable":true,"href":"https:\/\/rubi.com.py\/index.php\/wp-json\/wp\/v2\/comments?post=3909"}],"wp:featuredmedia":[{"embeddable":true,"href":"https:\/\/rubi.com.py\/index.php\/wp-json\/wp\/v2\/media\/3908"}],"wp:attachment":[{"href":"https:\/\/rubi.com.py\/index.php\/wp-json\/wp\/v2\/media?parent=3909"}],"wp:term":[{"taxonomy":"product_brand","embeddable":true,"href":"https:\/\/rubi.com.py\/index.php\/wp-json\/wp\/v2\/product_brand?post=3909"},{"taxonomy":"product_cat","embeddable":true,"href":"https:\/\/rubi.com.py\/index.php\/wp-json\/wp\/v2\/product_cat?post=3909"},{"taxonomy":"product_tag","embeddable":true,"href":"https:\/\/rubi.com.py\/index.php\/wp-json\/wp\/v2\/product_tag?post=3909"}],"curies":[{"name":"wp","href":"https:\/\/api.w.org\/{rel}","templated":true}]}}