{"id":3913,"date":"2026-04-19T20:45:47","date_gmt":"2026-04-19T18:45:47","guid":{"rendered":"https:\/\/rubi.com.py\/index.php\/producto\/vitrina-caja-platinum-ecosilkon-mod-cpstp1000-inox-1mt\/"},"modified":"2026-04-19T20:45:47","modified_gmt":"2026-04-19T18:45:47","slug":"vitrina-caja-platinum-ecosilkon-mod-cpstp1000-inox-1mt","status":"publish","type":"product","link":"https:\/\/rubi.com.py\/index.php\/producto\/vitrina-caja-platinum-ecosilkon-mod-cpstp1000-inox-1mt\/","title":{"rendered":"VITRINA CAJA PLATINUM ECOSILKON MOD CPSTP1000 INOX 1MT"},"content":{"rendered":"<p>* Confiter\u00eda caja Super Top Platinum con 2 puertas. * Sistema de refrigeraci\u00f3n neutro. * Temperatura ambiente. * Consumo 0,009 kW-h. * Voltaje 220 V &#8211; 50 Hz. * Vidrio curvo templado. * Iluminaci\u00f3n LED. * Caj\u00f3n con llave. * Peso 70 Kg. DIMENSIONES * Ancho 1000 mm. * Profundidad 900 mm. * Alto 1140 mm. Im\u00e1genes meramente ilustrativas. Im\u00e1genes e informaci\u00f3n sujetas a cambios sin previo aviso. Detalles t\u00e9cnicos: \u2022 ANCHO: 101 CM \u2022 ALTO: 127 CM \u2022 LARGO: 112 CM \u2022 PESO: 91000 GR<\/p>\n","protected":false},"excerpt":{"rendered":"<p>* Confiter\u00eda caja Super Top Platinum con 2 puertas. * Sistema de refrigeraci\u00f3n neutro. * Temperatura ambiente. * Consumo 0,009 kW-h. * Voltaje 220 V &#8211; 50 Hz. * Vidrio curvo templado. * Iluminaci\u00f3n LED. * Caj\u00f3n con llave. * Peso 70 Kg. DIMENSIONES * Ancho 1000 mm. * Profundidad 900 mm. * Alto 1140 mm. Im\u00e1genes meramente ilustrativas. Im\u00e1genes e informaci\u00f3n sujetas a cambios sin previo aviso.<\/p>\n","protected":false},"featured_media":3912,"comment_status":"open","ping_status":"closed","template":"","meta":{"_et_pb_use_builder":"","_et_pb_old_content":"","_et_gb_content_width":""},"product_brand":[],"product_cat":[43],"product_tag":[],"class_list":{"0":"post-3913","1":"product","2":"type-product","3":"status-publish","4":"has-post-thumbnail","6":"product_cat-refrigeracion","8":"first","9":"instock","10":"shipping-taxable","11":"purchasable","12":"product-type-simple"},"_links":{"self":[{"href":"https:\/\/rubi.com.py\/index.php\/wp-json\/wp\/v2\/product\/3913","targetHints":{"allow":["GET"]}}],"collection":[{"href":"https:\/\/rubi.com.py\/index.php\/wp-json\/wp\/v2\/product"}],"about":[{"href":"https:\/\/rubi.com.py\/index.php\/wp-json\/wp\/v2\/types\/product"}],"replies":[{"embeddable":true,"href":"https:\/\/rubi.com.py\/index.php\/wp-json\/wp\/v2\/comments?post=3913"}],"wp:featuredmedia":[{"embeddable":true,"href":"https:\/\/rubi.com.py\/index.php\/wp-json\/wp\/v2\/media\/3912"}],"wp:attachment":[{"href":"https:\/\/rubi.com.py\/index.php\/wp-json\/wp\/v2\/media?parent=3913"}],"wp:term":[{"taxonomy":"product_brand","embeddable":true,"href":"https:\/\/rubi.com.py\/index.php\/wp-json\/wp\/v2\/product_brand?post=3913"},{"taxonomy":"product_cat","embeddable":true,"href":"https:\/\/rubi.com.py\/index.php\/wp-json\/wp\/v2\/product_cat?post=3913"},{"taxonomy":"product_tag","embeddable":true,"href":"https:\/\/rubi.com.py\/index.php\/wp-json\/wp\/v2\/product_tag?post=3913"}],"curies":[{"name":"wp","href":"https:\/\/api.w.org\/{rel}","templated":true}]}}