{"id":3915,"date":"2026-04-19T20:46:25","date_gmt":"2026-04-19T18:46:25","guid":{"rendered":"https:\/\/rubi.com.py\/index.php\/producto\/passthrough-refrigerado-ecosilkon-para-24gns-todo-inox\/"},"modified":"2026-04-19T20:46:25","modified_gmt":"2026-04-19T18:46:25","slug":"passthrough-refrigerado-ecosilkon-para-24gns-todo-inox","status":"publish","type":"product","link":"https:\/\/rubi.com.py\/index.php\/producto\/passthrough-refrigerado-ecosilkon-para-24gns-todo-inox\/","title":{"rendered":"PASSTHROUGH REFRIGERADO ECOSILKON PARA 24GN&#8217;s TODO INOX"},"content":{"rendered":"<p>* Revestimiento interno y externo de acero INOX. * No incluye bandejas GN. * Temperatura 2\u00b0 a 10\u00b0 C. * Capacidad 24 GN 1-1. * Controlador digital. * Ruedas con frenos. MEDIDAS DEL PRODUCTO. * Frente 710 mm. * Lateral 800 mm. * Altura 2050 mm. Im\u00e1genes meramente ilustrativas. Im\u00e1genes e informaci\u00f3n sujetas a cambios sin previo aviso. Detalles t\u00e9cnicos: \u2022 ANCHO: 80 CM \u2022 ALTO: 148 CM \u2022 LARGO: 160 CM \u2022 PESO: 14500 GR<\/p>\n","protected":false},"excerpt":{"rendered":"<p>* Revestimiento interno y externo de acero INOX. * No incluye bandejas GN. * Temperatura 2\u00b0 a 10\u00b0 C. * Capacidad 24 GN 1-1. * Controlador digital. * Ruedas con frenos. MEDIDAS DEL PRODUCTO. * Frente 710 mm. * Lateral 800 mm. * Altura 2050 mm. Im\u00e1genes meramente ilustrativas. Im\u00e1genes e informaci\u00f3n sujetas a cambios sin previo aviso.<\/p>\n","protected":false},"featured_media":3914,"comment_status":"open","ping_status":"closed","template":"","meta":{"_et_pb_use_builder":"","_et_pb_old_content":"","_et_gb_content_width":""},"product_brand":[],"product_cat":[43],"product_tag":[],"class_list":{"0":"post-3915","1":"product","2":"type-product","3":"status-publish","4":"has-post-thumbnail","6":"product_cat-refrigeracion","8":"first","9":"instock","10":"shipping-taxable","11":"purchasable","12":"product-type-simple"},"_links":{"self":[{"href":"https:\/\/rubi.com.py\/index.php\/wp-json\/wp\/v2\/product\/3915","targetHints":{"allow":["GET"]}}],"collection":[{"href":"https:\/\/rubi.com.py\/index.php\/wp-json\/wp\/v2\/product"}],"about":[{"href":"https:\/\/rubi.com.py\/index.php\/wp-json\/wp\/v2\/types\/product"}],"replies":[{"embeddable":true,"href":"https:\/\/rubi.com.py\/index.php\/wp-json\/wp\/v2\/comments?post=3915"}],"wp:featuredmedia":[{"embeddable":true,"href":"https:\/\/rubi.com.py\/index.php\/wp-json\/wp\/v2\/media\/3914"}],"wp:attachment":[{"href":"https:\/\/rubi.com.py\/index.php\/wp-json\/wp\/v2\/media?parent=3915"}],"wp:term":[{"taxonomy":"product_brand","embeddable":true,"href":"https:\/\/rubi.com.py\/index.php\/wp-json\/wp\/v2\/product_brand?post=3915"},{"taxonomy":"product_cat","embeddable":true,"href":"https:\/\/rubi.com.py\/index.php\/wp-json\/wp\/v2\/product_cat?post=3915"},{"taxonomy":"product_tag","embeddable":true,"href":"https:\/\/rubi.com.py\/index.php\/wp-json\/wp\/v2\/product_tag?post=3915"}],"curies":[{"name":"wp","href":"https:\/\/api.w.org\/{rel}","templated":true}]}}