{"id":3917,"date":"2026-04-19T20:47:00","date_gmt":"2026-04-19T18:47:00","guid":{"rendered":"https:\/\/rubi.com.py\/index.php\/producto\/plancha-a-vapor-tokyo-joy-2000w-base-ceramica\/"},"modified":"2026-04-19T20:47:28","modified_gmt":"2026-04-19T18:47:28","slug":"plancha-a-vapor-tokyo-joy-2000w-base-ceramica","status":"publish","type":"product","link":"https:\/\/rubi.com.py\/index.php\/producto\/plancha-a-vapor-tokyo-joy-2000w-base-ceramica\/","title":{"rendered":"PLANCHA A VAPOR TOKYO JOY 2000W BASE CERAMICA"},"content":{"rendered":"<p>* Potencia 2000W. * Base cer\u00e1mica. * 2 modos de uso. * Funci\u00f3n de spray. * Mecanismo antigoteo. * Temperatura regulable. * Vapor vertical y horizontal. Im\u00e1genes meramente ilustrativas. Im\u00e1genes e informaci\u00f3n sujetas a cambios sin previo aviso. Detalles t\u00e9cnicos: \u2022 ANCHO: 12 CM \u2022 ALTO: 15 CM \u2022 LARGO: 29 CM \u2022 PESO: 5100 GR<\/p>\n","protected":false},"excerpt":{"rendered":"<p>* Potencia 2000W. * Base cer\u00e1mica. * 2 modos de uso. * Funci\u00f3n de spray. * Mecanismo antigoteo. * Temperatura regulable. * Vapor vertical y horizontal. Im\u00e1genes meramente ilustrativas. Im\u00e1genes e informaci\u00f3n sujetas a cambios sin previo aviso.<\/p>\n","protected":false},"featured_media":3918,"comment_status":"open","ping_status":"closed","template":"","meta":{"_et_pb_use_builder":"","_et_pb_old_content":"","_et_gb_content_width":""},"product_brand":[],"product_cat":[41],"product_tag":[],"class_list":{"0":"post-3917","1":"product","2":"type-product","3":"status-publish","4":"has-post-thumbnail","6":"product_cat-lavado-y-cuidado-de-prendas","8":"first","9":"instock","10":"shipping-taxable","11":"purchasable","12":"product-type-simple"},"_links":{"self":[{"href":"https:\/\/rubi.com.py\/index.php\/wp-json\/wp\/v2\/product\/3917","targetHints":{"allow":["GET"]}}],"collection":[{"href":"https:\/\/rubi.com.py\/index.php\/wp-json\/wp\/v2\/product"}],"about":[{"href":"https:\/\/rubi.com.py\/index.php\/wp-json\/wp\/v2\/types\/product"}],"replies":[{"embeddable":true,"href":"https:\/\/rubi.com.py\/index.php\/wp-json\/wp\/v2\/comments?post=3917"}],"wp:featuredmedia":[{"embeddable":true,"href":"https:\/\/rubi.com.py\/index.php\/wp-json\/wp\/v2\/media\/3918"}],"wp:attachment":[{"href":"https:\/\/rubi.com.py\/index.php\/wp-json\/wp\/v2\/media?parent=3917"}],"wp:term":[{"taxonomy":"product_brand","embeddable":true,"href":"https:\/\/rubi.com.py\/index.php\/wp-json\/wp\/v2\/product_brand?post=3917"},{"taxonomy":"product_cat","embeddable":true,"href":"https:\/\/rubi.com.py\/index.php\/wp-json\/wp\/v2\/product_cat?post=3917"},{"taxonomy":"product_tag","embeddable":true,"href":"https:\/\/rubi.com.py\/index.php\/wp-json\/wp\/v2\/product_tag?post=3917"}],"curies":[{"name":"wp","href":"https:\/\/api.w.org\/{rel}","templated":true}]}}