{"id":392,"date":"2025-09-17T22:17:40","date_gmt":"2025-09-17T20:17:40","guid":{"rendered":"https:\/\/rubi.com.py\/index.php\/producto\/parlante-inalambrico-sony-srs-xg300-black-bl-woofer-2x6cm\/"},"modified":"2026-04-20T22:03:34","modified_gmt":"2026-04-20T20:03:34","slug":"parlante-inalambrico-sony-srs-xg300-black-bl-woofer-2x6cm","status":"publish","type":"product","link":"https:\/\/rubi.com.py\/index.php\/producto\/parlante-inalambrico-sony-srs-xg300-black-bl-woofer-2x6cm\/","title":{"rendered":"PARLANTE INALAMBRICO SONY SRS-XG300 BLACK BL WOOFER 2X6CM"},"content":{"rendered":"<p>* 2 woofers de 6 cm con parlantes X-Balanced para mayor presi\u00f3n ac\u00fastica y claridad. * Certificaci\u00f3n IP67 resistente al polvo y a inmersi\u00f3n de 1 m por 30 minutos. * Modos de sonido MEGA BASS, LIVE SOUND, Clear Audio+, DSEE. * Carga r\u00e1pida de 10 minutos para 70 minutos de reproducci\u00f3n. * Puerto USB-A para cargar bater\u00eda de tel\u00e9fono-tableta. * Conexi\u00f3n hasta 100 parlantes Party Connect. * Puerto AUDIO IN para conectar auricular. * Dise\u00f1o para uso horizontal y vertical. * Formato de audio AAC, SBC, LDAC. * Aplicaci\u00f3n Music Center-Fiestable. * Stereo Pair entre dos parlantes. * Reproducci\u00f3n hasta 25 h. * Iluminaci\u00f3n ambiental. * Carga completa en 5 h. * 2 radiadores pasivos. * 2 tweeters de 2 cm. * Bluetooth 5.2. * Asa plegable. * Peso 3 kg. Im\u00e1genes meramente ilustrativas. Im\u00e1genes e informaci\u00f3n sujetas a cambios sin previo aviso. Detalles t\u00e9cnicos: \u2022 ANCHO: 31,8 CM \u2022 ALTO: 13,8 CM \u2022 LARGO: 13,6 CM \u2022 PESO: 3000 GR<\/p>\n","protected":false},"excerpt":{"rendered":"<p>* 2 woofers de 6 cm con parlantes X-Balanced para mayor presi\u00f3n ac\u00fastica y claridad. * Certificaci\u00f3n IP67 resistente al polvo y a inmersi\u00f3n de 1 m por 30 minutos. * Modos de sonido MEGA BASS, LIVE SOUND, Clear Audio+, DSEE. * Carga r\u00e1pida de 10 minutos para 70 minutos de reproducci\u00f3n. * Puerto USB-A para cargar bater\u00eda de tel\u00e9fono-tableta. * Conexi\u00f3n hasta 100 parlantes Party Connect. * Puerto AUDIO IN para conectar auricular. * Dise\u00f1o para uso horizontal y vertical. * Formato de audio AAC, SBC, LDAC. * Aplicaci\u00f3n Music Center-Fiestable. * Stereo Pair entre dos parlantes. * Reproducci\u00f3n hasta 25 h. * Iluminaci\u00f3n ambiental. * Carga completa en 5 h. * 2 radiadores pasivos. * 2 tweeters de 2 cm. * Bluetooth 5.2. * Asa plegable. * Peso 3 kg. Im\u00e1genes meramente ilustrativas. Im\u00e1genes e informaci\u00f3n sujetas a cambios sin previo aviso.<\/p>\n","protected":false},"featured_media":4591,"comment_status":"open","ping_status":"closed","template":"","meta":{"_et_pb_use_builder":"","_et_pb_old_content":"","_et_gb_content_width":""},"product_brand":[],"product_cat":[46],"product_tag":[],"class_list":{"0":"post-392","1":"product","2":"type-product","3":"status-publish","4":"has-post-thumbnail","6":"product_cat-tecnologia","8":"first","9":"instock","10":"shipping-taxable","11":"purchasable","12":"product-type-simple"},"_links":{"self":[{"href":"https:\/\/rubi.com.py\/index.php\/wp-json\/wp\/v2\/product\/392","targetHints":{"allow":["GET"]}}],"collection":[{"href":"https:\/\/rubi.com.py\/index.php\/wp-json\/wp\/v2\/product"}],"about":[{"href":"https:\/\/rubi.com.py\/index.php\/wp-json\/wp\/v2\/types\/product"}],"replies":[{"embeddable":true,"href":"https:\/\/rubi.com.py\/index.php\/wp-json\/wp\/v2\/comments?post=392"}],"wp:featuredmedia":[{"embeddable":true,"href":"https:\/\/rubi.com.py\/index.php\/wp-json\/wp\/v2\/media\/4591"}],"wp:attachment":[{"href":"https:\/\/rubi.com.py\/index.php\/wp-json\/wp\/v2\/media?parent=392"}],"wp:term":[{"taxonomy":"product_brand","embeddable":true,"href":"https:\/\/rubi.com.py\/index.php\/wp-json\/wp\/v2\/product_brand?post=392"},{"taxonomy":"product_cat","embeddable":true,"href":"https:\/\/rubi.com.py\/index.php\/wp-json\/wp\/v2\/product_cat?post=392"},{"taxonomy":"product_tag","embeddable":true,"href":"https:\/\/rubi.com.py\/index.php\/wp-json\/wp\/v2\/product_tag?post=392"}],"curies":[{"name":"wp","href":"https:\/\/api.w.org\/{rel}","templated":true}]}}